{"id":10742,"date":"2026-02-25T10:54:00","date_gmt":"2026-02-25T14:54:00","guid":{"rendered":"https:\/\/cyberperformance.ca\/?page_id=10742"},"modified":"2026-03-03T00:30:38","modified_gmt":"2026-03-03T04:30:38","slug":"pirax-en-construction","status":"publish","type":"page","link":"https:\/\/cyberperformance.ca\/en\/pirax-en-construction\/","title":{"rendered":"Pirax en Construction"},"content":{"rendered":"<div data-elementor-type=\"wp-page\" data-elementor-id=\"10742\" class=\"elementor elementor-10742\" data-elementor-post-type=\"page\">\n\t\t\t\t\t\t<section class=\"elementor-section elementor-top-section elementor-element elementor-element-1b91513 elementor-section-boxed elementor-section-height-default elementor-section-height-default\" data-id=\"1b91513\" data-element_type=\"section\">\n\t\t\t\t\t\t<div class=\"elementor-container elementor-column-gap-default\">\n\t\t\t\t\t<div class=\"elementor-column elementor-col-100 elementor-top-column elementor-element elementor-element-593ae00\" data-id=\"593ae00\" data-element_type=\"column\">\n\t\t\t<div class=\"elementor-widget-wrap elementor-element-populated\">\n\t\t\t\t\t\t<div class=\"elementor-element elementor-element-5a3f8f5 elementor-widget elementor-widget-image\" data-id=\"5a3f8f5\" data-element_type=\"widget\" data-widget_type=\"image.default\">\n\t\t\t\t<div class=\"elementor-widget-container\">\n\t\t\t\t\t\t\t\t\t\t\t\t\t\t\t<img fetchpriority=\"high\" decoding=\"async\" width=\"196\" height=\"300\" src=\"https:\/\/cyberperformance.ca\/wp-content\/uploads\/2026\/03\/thumbnail_Scie-cie-logo3-196x300.png\" class=\"attachment-medium size-medium wp-image-10817\" alt=\"\" srcset=\"https:\/\/cyberperformance.ca\/wp-content\/uploads\/2026\/03\/thumbnail_Scie-cie-logo3-196x300.png 196w, https:\/\/cyberperformance.ca\/wp-content\/uploads\/2026\/03\/thumbnail_Scie-cie-logo3-669x1024.png 669w, https:\/\/cyberperformance.ca\/wp-content\/uploads\/2026\/03\/thumbnail_Scie-cie-logo3-768x1176.png 768w, https:\/\/cyberperformance.ca\/wp-content\/uploads\/2026\/03\/thumbnail_Scie-cie-logo3-1003x1536.png 1003w, https:\/\/cyberperformance.ca\/wp-content\/uploads\/2026\/03\/thumbnail_Scie-cie-logo3-1337x2048.png 1337w, https:\/\/cyberperformance.ca\/wp-content\/uploads\/2026\/03\/thumbnail_Scie-cie-logo3-8x12.png 8w, https:\/\/cyberperformance.ca\/wp-content\/uploads\/2026\/03\/thumbnail_Scie-cie-logo3-scaled.png 1672w\" sizes=\"(max-width: 196px) 100vw, 196px\" \/>\t\t\t\t\t\t\t\t\t\t\t\t\t\t\t<\/div>\n\t\t\t\t<\/div>\n\t\t\t\t<div class=\"elementor-element elementor-element-37ec0fd elementor-widget elementor-widget-heading\" data-id=\"37ec0fd\" data-element_type=\"widget\" data-widget_type=\"heading.default\">\n\t\t\t\t<div class=\"elementor-widget-container\">\n\t\t\t\t\t<h2 class=\"elementor-heading-title elementor-size-default\">Devient<\/h2>\t\t\t\t<\/div>\n\t\t\t\t<\/div>\n\t\t\t\t\t<\/div>\n\t\t<\/div>\n\t\t\t\t\t<\/div>\n\t\t<\/section>\n\t\t\t\t<section class=\"elementor-section elementor-top-section elementor-element elementor-element-3b8ffc6 elementor-section-boxed elementor-section-height-default elementor-section-height-default\" data-id=\"3b8ffc6\" data-element_type=\"section\" data-settings=\"{&quot;background_background&quot;:&quot;classic&quot;}\">\n\t\t\t\t\t\t<div class=\"elementor-container elementor-column-gap-default\">\n\t\t\t\t\t<div class=\"elementor-column elementor-col-100 elementor-top-column elementor-element elementor-element-592b22f\" data-id=\"592b22f\" data-element_type=\"column\">\n\t\t\t<div class=\"elementor-widget-wrap elementor-element-populated\">\n\t\t\t\t\t\t<div class=\"elementor-element elementor-element-b64c68b elementor-widget elementor-widget-image\" data-id=\"b64c68b\" data-element_type=\"widget\" data-widget_type=\"image.default\">\n\t\t\t\t<div class=\"elementor-widget-container\">\n\t\t\t\t\t\t\t\t\t\t\t\t\t\t\t<img decoding=\"async\" width=\"640\" height=\"208\" src=\"https:\/\/cyberperformance.ca\/wp-content\/uploads\/2026\/02\/LogoPIRAX_Beige_CMJN.png\" class=\"attachment-large size-large wp-image-10745\" alt=\"\" \/>\t\t\t\t\t\t\t\t\t\t\t\t\t\t\t<\/div>\n\t\t\t\t<\/div>\n\t\t\t\t\t<\/div>\n\t\t<\/div>\n\t\t\t\t\t<\/div>\n\t\t<\/section>\n\t\t\t\t<section class=\"elementor-section elementor-top-section elementor-element elementor-element-c762618 elementor-section-boxed elementor-section-height-default elementor-section-height-default\" data-id=\"c762618\" data-element_type=\"section\">\n\t\t\t\t\t\t<div class=\"elementor-container elementor-column-gap-default\">\n\t\t\t\t\t<div class=\"elementor-column elementor-col-100 elementor-top-column elementor-element elementor-element-b7c5d68\" data-id=\"b7c5d68\" data-element_type=\"column\">\n\t\t\t<div class=\"elementor-widget-wrap elementor-element-populated\">\n\t\t\t\t\t\t<div class=\"elementor-element elementor-element-0d61aff elementor-widget elementor-widget-heading\" data-id=\"0d61aff\" data-element_type=\"widget\" data-widget_type=\"heading.default\">\n\t\t\t\t<div class=\"elementor-widget-container\">\n\t\t\t\t\t<h2 class=\"elementor-heading-title elementor-size-default\">Site web en construction<\/h2>\t\t\t\t<\/div>\n\t\t\t\t<\/div>\n\t\t\t\t\t<\/div>\n\t\t<\/div>\n\t\t\t\t\t<\/div>\n\t\t<\/section>\n\t\t\t\t<section class=\"elementor-section elementor-top-section elementor-element elementor-element-4543354 elementor-section-boxed elementor-section-height-default elementor-section-height-default\" data-id=\"4543354\" data-element_type=\"section\">\n\t\t\t\t\t\t<div class=\"elementor-container elementor-column-gap-default\">\n\t\t\t\t\t<div class=\"elementor-column elementor-col-100 elementor-top-column elementor-element elementor-element-9b4caba\" data-id=\"9b4caba\" data-element_type=\"column\">\n\t\t\t<div class=\"elementor-widget-wrap elementor-element-populated\">\n\t\t\t\t\t\t<div class=\"elementor-element elementor-element-0fe7a07 elementor-widget elementor-widget-text-editor\" data-id=\"0fe7a07\" data-element_type=\"widget\" data-widget_type=\"text-editor.default\">\n\t\t\t\t<div class=\"elementor-widget-container\">\n\t\t\t\t\t\t\t\t\t<p data-pm-slice=\"1 1 []\">Abattage scie &amp; cie inc. devient PiraX inc.<\/p><p>Site en construction, disponible prochainement.<\/p><p>Nous sommes sp\u00e9cialis\u00e9s dans l abattage, l \u00e9lagage et le d\u00e9boisement<\/p><p>A la Tuque et a la grandeur de la province.<\/p><p>Pour contact, devis, soumissions, offre d&#8217;emplois:<\/p><p><a class=\"ProsemirrorEditor-link\" href=\"mailto:d.bench@pirax.ca\">d.bench@pirax.ca<\/a><\/p><p>581 888 5795<\/p>\t\t\t\t\t\t\t\t<\/div>\n\t\t\t\t<\/div>\n\t\t\t\t\t<\/div>\n\t\t<\/div>\n\t\t\t\t\t<\/div>\n\t\t<\/section>\n\t\t\t\t<\/div>","protected":false},"excerpt":{"rendered":"<p>Devient Site web en construction Abattage scie &amp; cie inc. devient PiraX inc. Site en construction, disponible prochainement. Nous sommes sp\u00e9cialis\u00e9s dans l abattage, l \u00e9lagage et le d\u00e9boisement A la Tuque et a la grandeur de la province. Pour contact, devis, soumissions, offre d&#8217;emplois: d.bench@pirax.ca 581 888 5795<\/p>","protected":false},"author":1,"featured_media":0,"parent":0,"menu_order":0,"comment_status":"closed","ping_status":"closed","template":"redux-templates_canvas","meta":{"footnotes":""},"class_list":["post-10742","page","type-page","status-publish","hentry"],"yoast_head":"<!-- This site is optimized with the Yoast SEO plugin v25.5 - https:\/\/yoast.com\/wordpress\/plugins\/seo\/ -->\n<title>Pirax en Construction<\/title>\n<meta name=\"description\" content=\"Nouveau site web \u00e0 venir pour l&#039;\u00e9quipe Pirax. On se fait une nouvelle image de marque et un nouveau site web. Lancement pr\u00e9vu fin mars 2026.\" \/>\n<meta name=\"robots\" content=\"index, follow, max-snippet:-1, max-image-preview:large, max-video-preview:-1\" \/>\n<link rel=\"canonical\" href=\"https:\/\/cyberperformance.ca\/en\/pirax-en-construction\/\" \/>\n<meta property=\"og:locale\" content=\"en_US\" \/>\n<meta property=\"og:type\" content=\"article\" \/>\n<meta property=\"og:title\" content=\"Pirax en Construction\" \/>\n<meta property=\"og:description\" content=\"Nouveau site web \u00e0 venir pour l&#039;\u00e9quipe Pirax. On se fait une nouvelle image de marque et un nouveau site web. Lancement pr\u00e9vu fin mars 2026.\" \/>\n<meta property=\"og:url\" content=\"https:\/\/cyberperformance.ca\/en\/pirax-en-construction\/\" \/>\n<meta property=\"og:site_name\" content=\"CyberPerformance\" \/>\n<meta property=\"article:modified_time\" content=\"2026-03-03T04:30:38+00:00\" \/>\n<meta property=\"og:image\" content=\"https:\/\/cyberperformance.ca\/wp-content\/uploads\/2026\/03\/thumbnail_Scie-cie-logo3-scaled.png\" \/>\n\t<meta property=\"og:image:width\" content=\"1672\" \/>\n\t<meta property=\"og:image:height\" content=\"2560\" \/>\n\t<meta property=\"og:image:type\" content=\"image\/png\" \/>\n<meta name=\"twitter:card\" content=\"summary_large_image\" \/>\n<meta name=\"twitter:label1\" content=\"Est. reading time\" \/>\n\t<meta name=\"twitter:data1\" content=\"1 minute\" \/>\n<script type=\"application\/ld+json\" class=\"yoast-schema-graph\">{\"@context\":\"https:\/\/schema.org\",\"@graph\":[{\"@type\":\"WebPage\",\"@id\":\"https:\/\/cyberperformance.ca\/pirax-en-construction\/\",\"url\":\"https:\/\/cyberperformance.ca\/pirax-en-construction\/\",\"name\":\"Pirax en Construction\",\"isPartOf\":{\"@id\":\"https:\/\/cyberperformance.ca\/#website\"},\"primaryImageOfPage\":{\"@id\":\"https:\/\/cyberperformance.ca\/pirax-en-construction\/#primaryimage\"},\"image\":{\"@id\":\"https:\/\/cyberperformance.ca\/pirax-en-construction\/#primaryimage\"},\"thumbnailUrl\":\"https:\/\/cyberperformance.ca\/wp-content\/uploads\/2026\/03\/thumbnail_Scie-cie-logo3-196x300.png\",\"datePublished\":\"2026-02-25T14:54:00+00:00\",\"dateModified\":\"2026-03-03T04:30:38+00:00\",\"description\":\"Nouveau site web \u00e0 venir pour l'\u00e9quipe Pirax. On se fait une nouvelle image de marque et un nouveau site web. Lancement pr\u00e9vu fin mars 2026.\",\"breadcrumb\":{\"@id\":\"https:\/\/cyberperformance.ca\/pirax-en-construction\/#breadcrumb\"},\"inLanguage\":\"en-CA\",\"potentialAction\":[{\"@type\":\"ReadAction\",\"target\":[\"https:\/\/cyberperformance.ca\/pirax-en-construction\/\"]}]},{\"@type\":\"ImageObject\",\"inLanguage\":\"en-CA\",\"@id\":\"https:\/\/cyberperformance.ca\/pirax-en-construction\/#primaryimage\",\"url\":\"https:\/\/cyberperformance.ca\/wp-content\/uploads\/2026\/03\/thumbnail_Scie-cie-logo3-196x300.png\",\"contentUrl\":\"https:\/\/cyberperformance.ca\/wp-content\/uploads\/2026\/03\/thumbnail_Scie-cie-logo3-196x300.png\"},{\"@type\":\"BreadcrumbList\",\"@id\":\"https:\/\/cyberperformance.ca\/pirax-en-construction\/#breadcrumb\",\"itemListElement\":[{\"@type\":\"ListItem\",\"position\":1,\"name\":\"Accueil\",\"item\":\"https:\/\/cyberperformance.ca\/\"},{\"@type\":\"ListItem\",\"position\":2,\"name\":\"Pirax en Construction\"}]},{\"@type\":\"WebSite\",\"@id\":\"https:\/\/cyberperformance.ca\/#website\",\"url\":\"https:\/\/cyberperformance.ca\/\",\"name\":\"CyberPerformance\",\"description\":\"Agence Web num\u00e9rique\",\"publisher\":{\"@id\":\"https:\/\/cyberperformance.ca\/#organization\"},\"potentialAction\":[{\"@type\":\"SearchAction\",\"target\":{\"@type\":\"EntryPoint\",\"urlTemplate\":\"https:\/\/cyberperformance.ca\/?s={search_term_string}\"},\"query-input\":{\"@type\":\"PropertyValueSpecification\",\"valueRequired\":true,\"valueName\":\"search_term_string\"}}],\"inLanguage\":\"en-CA\"},{\"@type\":\"Organization\",\"@id\":\"https:\/\/cyberperformance.ca\/#organization\",\"name\":\"CyberPerformance\",\"url\":\"https:\/\/cyberperformance.ca\/\",\"logo\":{\"@type\":\"ImageObject\",\"inLanguage\":\"en-CA\",\"@id\":\"https:\/\/cyberperformance.ca\/#\/schema\/logo\/image\/\",\"url\":\"https:\/\/cyberperformance.ca\/wp-content\/uploads\/2022\/04\/cropped-CP.png\",\"contentUrl\":\"https:\/\/cyberperformance.ca\/wp-content\/uploads\/2022\/04\/cropped-CP.png\",\"width\":400,\"height\":400,\"caption\":\"CyberPerformance\"},\"image\":{\"@id\":\"https:\/\/cyberperformance.ca\/#\/schema\/logo\/image\/\"}}]}<\/script>\n<!-- \/ Yoast SEO plugin. -->","yoast_head_json":{"title":"Pirax en Construction","description":"Nouveau site web \u00e0 venir pour l'\u00e9quipe Pirax. On se fait une nouvelle image de marque et un nouveau site web. Lancement pr\u00e9vu fin mars 2026.","robots":{"index":"index","follow":"follow","max-snippet":"max-snippet:-1","max-image-preview":"max-image-preview:large","max-video-preview":"max-video-preview:-1"},"canonical":"https:\/\/cyberperformance.ca\/en\/pirax-en-construction\/","og_locale":"en_US","og_type":"article","og_title":"Pirax en Construction","og_description":"Nouveau site web \u00e0 venir pour l'\u00e9quipe Pirax. On se fait une nouvelle image de marque et un nouveau site web. Lancement pr\u00e9vu fin mars 2026.","og_url":"https:\/\/cyberperformance.ca\/en\/pirax-en-construction\/","og_site_name":"CyberPerformance","article_modified_time":"2026-03-03T04:30:38+00:00","og_image":[{"width":1672,"height":2560,"url":"https:\/\/cyberperformance.ca\/wp-content\/uploads\/2026\/03\/thumbnail_Scie-cie-logo3-scaled.png","type":"image\/png"}],"twitter_card":"summary_large_image","twitter_misc":{"Est. reading time":"1 minute"},"schema":{"@context":"https:\/\/schema.org","@graph":[{"@type":"WebPage","@id":"https:\/\/cyberperformance.ca\/pirax-en-construction\/","url":"https:\/\/cyberperformance.ca\/pirax-en-construction\/","name":"Pirax en Construction","isPartOf":{"@id":"https:\/\/cyberperformance.ca\/#website"},"primaryImageOfPage":{"@id":"https:\/\/cyberperformance.ca\/pirax-en-construction\/#primaryimage"},"image":{"@id":"https:\/\/cyberperformance.ca\/pirax-en-construction\/#primaryimage"},"thumbnailUrl":"https:\/\/cyberperformance.ca\/wp-content\/uploads\/2026\/03\/thumbnail_Scie-cie-logo3-196x300.png","datePublished":"2026-02-25T14:54:00+00:00","dateModified":"2026-03-03T04:30:38+00:00","description":"Nouveau site web \u00e0 venir pour l'\u00e9quipe Pirax. On se fait une nouvelle image de marque et un nouveau site web. Lancement pr\u00e9vu fin mars 2026.","breadcrumb":{"@id":"https:\/\/cyberperformance.ca\/pirax-en-construction\/#breadcrumb"},"inLanguage":"en-CA","potentialAction":[{"@type":"ReadAction","target":["https:\/\/cyberperformance.ca\/pirax-en-construction\/"]}]},{"@type":"ImageObject","inLanguage":"en-CA","@id":"https:\/\/cyberperformance.ca\/pirax-en-construction\/#primaryimage","url":"https:\/\/cyberperformance.ca\/wp-content\/uploads\/2026\/03\/thumbnail_Scie-cie-logo3-196x300.png","contentUrl":"https:\/\/cyberperformance.ca\/wp-content\/uploads\/2026\/03\/thumbnail_Scie-cie-logo3-196x300.png"},{"@type":"BreadcrumbList","@id":"https:\/\/cyberperformance.ca\/pirax-en-construction\/#breadcrumb","itemListElement":[{"@type":"ListItem","position":1,"name":"Accueil","item":"https:\/\/cyberperformance.ca\/"},{"@type":"ListItem","position":2,"name":"Pirax en Construction"}]},{"@type":"WebSite","@id":"https:\/\/cyberperformance.ca\/#website","url":"https:\/\/cyberperformance.ca\/","name":"CyberPerformance","description":"Agence Web num\u00e9rique","publisher":{"@id":"https:\/\/cyberperformance.ca\/#organization"},"potentialAction":[{"@type":"SearchAction","target":{"@type":"EntryPoint","urlTemplate":"https:\/\/cyberperformance.ca\/?s={search_term_string}"},"query-input":{"@type":"PropertyValueSpecification","valueRequired":true,"valueName":"search_term_string"}}],"inLanguage":"en-CA"},{"@type":"Organization","@id":"https:\/\/cyberperformance.ca\/#organization","name":"CyberPerformance","url":"https:\/\/cyberperformance.ca\/","logo":{"@type":"ImageObject","inLanguage":"en-CA","@id":"https:\/\/cyberperformance.ca\/#\/schema\/logo\/image\/","url":"https:\/\/cyberperformance.ca\/wp-content\/uploads\/2022\/04\/cropped-CP.png","contentUrl":"https:\/\/cyberperformance.ca\/wp-content\/uploads\/2022\/04\/cropped-CP.png","width":400,"height":400,"caption":"CyberPerformance"},"image":{"@id":"https:\/\/cyberperformance.ca\/#\/schema\/logo\/image\/"}}]}},"_links":{"self":[{"href":"https:\/\/cyberperformance.ca\/en\/wp-json\/wp\/v2\/pages\/10742","targetHints":{"allow":["GET"]}}],"collection":[{"href":"https:\/\/cyberperformance.ca\/en\/wp-json\/wp\/v2\/pages"}],"about":[{"href":"https:\/\/cyberperformance.ca\/en\/wp-json\/wp\/v2\/types\/page"}],"author":[{"embeddable":true,"href":"https:\/\/cyberperformance.ca\/en\/wp-json\/wp\/v2\/users\/1"}],"replies":[{"embeddable":true,"href":"https:\/\/cyberperformance.ca\/en\/wp-json\/wp\/v2\/comments?post=10742"}],"version-history":[{"count":13,"href":"https:\/\/cyberperformance.ca\/en\/wp-json\/wp\/v2\/pages\/10742\/revisions"}],"predecessor-version":[{"id":10820,"href":"https:\/\/cyberperformance.ca\/en\/wp-json\/wp\/v2\/pages\/10742\/revisions\/10820"}],"wp:attachment":[{"href":"https:\/\/cyberperformance.ca\/en\/wp-json\/wp\/v2\/media?parent=10742"}],"curies":[{"name":"wp","href":"https:\/\/api.w.org\/{rel}","templated":true}]}}