{"id":2096,"date":"2021-07-16T00:30:29","date_gmt":"2021-07-16T00:30:29","guid":{"rendered":"http:\/\/localhost:8056\/buissantio-wp\/?page_id=2096"},"modified":"2026-04-08T08:40:41","modified_gmt":"2026-04-08T12:40:41","slug":"404-2","status":"publish","type":"page","link":"https:\/\/cyberperformance.ca\/en\/404-2\/","title":{"rendered":"404"},"content":{"rendered":"<div data-elementor-type=\"wp-page\" data-elementor-id=\"2096\" class=\"elementor elementor-2096\" data-elementor-post-type=\"page\">\n\t\t\t\t\t\t<section class=\"elementor-section elementor-top-section elementor-element elementor-element-449eeac elementor-section-content-middle elementor-section-boxed elementor-section-height-default elementor-section-height-default\" data-id=\"449eeac\" data-element_type=\"section\" data-settings=\"{&quot;background_background&quot;:&quot;classic&quot;}\">\n\t\t\t\t\t\t<div class=\"elementor-container elementor-column-gap-extended\">\n\t\t\t\t\t<div class=\"elementor-column elementor-col-50 elementor-top-column elementor-element elementor-element-b35faf4\" data-id=\"b35faf4\" data-element_type=\"column\">\n\t\t\t<div class=\"elementor-widget-wrap elementor-element-populated\">\n\t\t\t\t\t\t<div class=\"elementor-element elementor-element-a1c0d16 elementor-widget elementor-widget-image\" data-id=\"a1c0d16\" data-element_type=\"widget\" data-widget_type=\"image.default\">\n\t\t\t\t<div class=\"elementor-widget-container\">\n\t\t\t\t\t\t\t\t\t\t\t\t\t\t\t<img fetchpriority=\"high\" decoding=\"async\" width=\"640\" height=\"769\" src=\"https:\/\/cyberperformance.ca\/wp-content\/uploads\/2021\/07\/404.png\" class=\"attachment-large size-large wp-image-2100\" alt=\"\" srcset=\"https:\/\/cyberperformance.ca\/wp-content\/uploads\/2021\/07\/404.png 765w, https:\/\/cyberperformance.ca\/wp-content\/uploads\/2021\/07\/404-250x300.png 250w\" sizes=\"(max-width: 640px) 100vw, 640px\" \/>\t\t\t\t\t\t\t\t\t\t\t\t\t\t\t<\/div>\n\t\t\t\t<\/div>\n\t\t\t\t\t<\/div>\n\t\t<\/div>\n\t\t\t\t<div class=\"elementor-column elementor-col-50 elementor-top-column elementor-element elementor-element-c5f1b4d\" data-id=\"c5f1b4d\" data-element_type=\"column\">\n\t\t\t<div class=\"elementor-widget-wrap elementor-element-populated\">\n\t\t\t\t\t\t<div class=\"elementor-element elementor-element-c790b43 elementor-hidden-desktop elementor-widget elementor-widget-spacer\" data-id=\"c790b43\" data-element_type=\"widget\" data-widget_type=\"spacer.default\">\n\t\t\t\t<div class=\"elementor-widget-container\">\n\t\t\t\t\t\t\t<div class=\"elementor-spacer\">\n\t\t\t<div class=\"elementor-spacer-inner\"><\/div>\n\t\t<\/div>\n\t\t\t\t\t\t<\/div>\n\t\t\t\t<\/div>\n\t\t\t\t<div class=\"elementor-element elementor-element-45150af elementor-widget elementor-widget-heading\" data-id=\"45150af\" data-element_type=\"widget\" data-widget_type=\"heading.default\">\n\t\t\t\t<div class=\"elementor-widget-container\">\n\t\t\t\t\t<h2 class=\"elementor-heading-title elementor-size-default\">404<\/h2>\t\t\t\t<\/div>\n\t\t\t\t<\/div>\n\t\t\t\t<div class=\"elementor-element elementor-element-a04da97 elementor-widget elementor-widget-heading\" data-id=\"a04da97\" data-element_type=\"widget\" data-widget_type=\"heading.default\">\n\t\t\t\t<div class=\"elementor-widget-container\">\n\t\t\t\t\t<h2 class=\"elementor-heading-title elementor-size-default\">Page non trouv\u00e9e<\/h2>\t\t\t\t<\/div>\n\t\t\t\t<\/div>\n\t\t\t\t<div class=\"elementor-element elementor-element-d96d542 elementor-widget elementor-widget-text-editor\" data-id=\"d96d542\" data-element_type=\"widget\" data-widget_type=\"text-editor.default\">\n\t\t\t\t<div class=\"elementor-widget-container\">\n\t\t\t\t\t\t\t\t\t<p>Nous sommes d\u00e9sol\u00e9s, mais nous n&#8217;avons pas trouv\u00e9 la page que vous tentiez d&#8217;obtenir.\u00a0<\/p>\t\t\t\t\t\t\t\t<\/div>\n\t\t\t\t<\/div>\n\t\t\t\t<div class=\"elementor-element elementor-element-07249fa elementor-widget elementor-widget-spacer\" data-id=\"07249fa\" data-element_type=\"widget\" data-widget_type=\"spacer.default\">\n\t\t\t\t<div class=\"elementor-widget-container\">\n\t\t\t\t\t\t\t<div class=\"elementor-spacer\">\n\t\t\t<div class=\"elementor-spacer-inner\"><\/div>\n\t\t<\/div>\n\t\t\t\t\t\t<\/div>\n\t\t\t\t<\/div>\n\t\t\t\t<div class=\"elementor-element elementor-element-fb2aee5 elementor-align-center elementor-widget elementor-widget-button\" data-id=\"fb2aee5\" data-element_type=\"widget\" data-widget_type=\"button.default\">\n\t\t\t\t<div class=\"elementor-widget-container\">\n\t\t\t\t\t\t\t\t\t<div class=\"elementor-button-wrapper\">\n\t\t\t\t\t<a class=\"elementor-button elementor-button-link elementor-size-sm\" href=\"index.php\">\n\t\t\t\t\t\t<span class=\"elementor-button-content-wrapper\">\n\t\t\t\t\t\t\t\t\t<span class=\"elementor-button-text\">Home<\/span>\n\t\t\t\t\t<\/span>\n\t\t\t\t\t<\/a>\n\t\t\t\t<\/div>\n\t\t\t\t\t\t\t\t<\/div>\n\t\t\t\t<\/div>\n\t\t\t\t\t<\/div>\n\t\t<\/div>\n\t\t\t\t\t<\/div>\n\t\t<\/section>\n\t\t\t\t<\/div>","protected":false},"excerpt":{"rendered":"<p>404 Page non trouv\u00e9e Nous sommes d\u00e9sol\u00e9s, mais nous n&#8217;avons pas trouv\u00e9 la page que vous tentiez d&#8217;obtenir.\u00a0 Accueil<\/p>","protected":false},"author":1,"featured_media":0,"parent":0,"menu_order":0,"comment_status":"closed","ping_status":"closed","template":"","meta":{"footnotes":""},"class_list":["post-2096","page","type-page","status-publish","hentry"],"yoast_head":"<!-- This site is optimized with the Yoast SEO plugin v25.5 - https:\/\/yoast.com\/wordpress\/plugins\/seo\/ -->\n<title>404 - CyberPerformance<\/title>\n<meta name=\"robots\" content=\"index, follow, max-snippet:-1, max-image-preview:large, max-video-preview:-1\" \/>\n<link rel=\"canonical\" href=\"https:\/\/cyberperformance.ca\/en\/404-2\/\" \/>\n<meta property=\"og:locale\" content=\"en_US\" \/>\n<meta property=\"og:type\" content=\"article\" \/>\n<meta property=\"og:title\" content=\"404 - CyberPerformance\" \/>\n<meta property=\"og:description\" content=\"404 Page non trouv\u00e9e Nous sommes d\u00e9sol\u00e9s, mais nous n&#8217;avons pas trouv\u00e9 la page que vous tentiez d&#8217;obtenir.\u00a0 Accueil\" \/>\n<meta property=\"og:url\" content=\"https:\/\/cyberperformance.ca\/en\/404-2\/\" \/>\n<meta property=\"og:site_name\" content=\"CyberPerformance\" \/>\n<meta property=\"article:modified_time\" content=\"2026-04-08T12:40:41+00:00\" \/>\n<meta property=\"og:image\" content=\"https:\/\/cyberperformance.ca\/wp-content\/uploads\/2021\/07\/404.png\" \/>\n\t<meta property=\"og:image:width\" content=\"765\" \/>\n\t<meta property=\"og:image:height\" content=\"919\" \/>\n\t<meta property=\"og:image:type\" content=\"image\/png\" \/>\n<meta name=\"twitter:card\" content=\"summary_large_image\" \/>\n<meta name=\"twitter:label1\" content=\"Est. reading time\" \/>\n\t<meta name=\"twitter:data1\" content=\"1 minute\" \/>\n<script type=\"application\/ld+json\" class=\"yoast-schema-graph\">{\"@context\":\"https:\/\/schema.org\",\"@graph\":[{\"@type\":\"WebPage\",\"@id\":\"https:\/\/cyberperformance.ca\/404-2\/\",\"url\":\"https:\/\/cyberperformance.ca\/404-2\/\",\"name\":\"404 - CyberPerformance\",\"isPartOf\":{\"@id\":\"https:\/\/cyberperformance.ca\/#website\"},\"primaryImageOfPage\":{\"@id\":\"https:\/\/cyberperformance.ca\/404-2\/#primaryimage\"},\"image\":{\"@id\":\"https:\/\/cyberperformance.ca\/404-2\/#primaryimage\"},\"thumbnailUrl\":\"https:\/\/cyberperformance.ca\/wp-content\/uploads\/2021\/07\/404.png\",\"datePublished\":\"2021-07-16T00:30:29+00:00\",\"dateModified\":\"2026-04-08T12:40:41+00:00\",\"breadcrumb\":{\"@id\":\"https:\/\/cyberperformance.ca\/404-2\/#breadcrumb\"},\"inLanguage\":\"en-CA\",\"potentialAction\":[{\"@type\":\"ReadAction\",\"target\":[\"https:\/\/cyberperformance.ca\/404-2\/\"]}]},{\"@type\":\"ImageObject\",\"inLanguage\":\"en-CA\",\"@id\":\"https:\/\/cyberperformance.ca\/404-2\/#primaryimage\",\"url\":\"https:\/\/cyberperformance.ca\/wp-content\/uploads\/2021\/07\/404.png\",\"contentUrl\":\"https:\/\/cyberperformance.ca\/wp-content\/uploads\/2021\/07\/404.png\"},{\"@type\":\"BreadcrumbList\",\"@id\":\"https:\/\/cyberperformance.ca\/404-2\/#breadcrumb\",\"itemListElement\":[{\"@type\":\"ListItem\",\"position\":1,\"name\":\"Accueil\",\"item\":\"https:\/\/cyberperformance.ca\/\"},{\"@type\":\"ListItem\",\"position\":2,\"name\":\"404\"}]},{\"@type\":\"WebSite\",\"@id\":\"https:\/\/cyberperformance.ca\/#website\",\"url\":\"https:\/\/cyberperformance.ca\/\",\"name\":\"CyberPerformance\",\"description\":\"Agence Web num\u00e9rique\",\"publisher\":{\"@id\":\"https:\/\/cyberperformance.ca\/#organization\"},\"potentialAction\":[{\"@type\":\"SearchAction\",\"target\":{\"@type\":\"EntryPoint\",\"urlTemplate\":\"https:\/\/cyberperformance.ca\/?s={search_term_string}\"},\"query-input\":{\"@type\":\"PropertyValueSpecification\",\"valueRequired\":true,\"valueName\":\"search_term_string\"}}],\"inLanguage\":\"en-CA\"},{\"@type\":\"Organization\",\"@id\":\"https:\/\/cyberperformance.ca\/#organization\",\"name\":\"CyberPerformance\",\"url\":\"https:\/\/cyberperformance.ca\/\",\"logo\":{\"@type\":\"ImageObject\",\"inLanguage\":\"en-CA\",\"@id\":\"https:\/\/cyberperformance.ca\/#\/schema\/logo\/image\/\",\"url\":\"https:\/\/cyberperformance.ca\/wp-content\/uploads\/2022\/04\/cropped-CP.png\",\"contentUrl\":\"https:\/\/cyberperformance.ca\/wp-content\/uploads\/2022\/04\/cropped-CP.png\",\"width\":400,\"height\":400,\"caption\":\"CyberPerformance\"},\"image\":{\"@id\":\"https:\/\/cyberperformance.ca\/#\/schema\/logo\/image\/\"}}]}<\/script>\n<!-- \/ Yoast SEO plugin. -->","yoast_head_json":{"title":"404 - CyberPerformance","robots":{"index":"index","follow":"follow","max-snippet":"max-snippet:-1","max-image-preview":"max-image-preview:large","max-video-preview":"max-video-preview:-1"},"canonical":"https:\/\/cyberperformance.ca\/en\/404-2\/","og_locale":"en_US","og_type":"article","og_title":"404 - CyberPerformance","og_description":"404 Page non trouv\u00e9e Nous sommes d\u00e9sol\u00e9s, mais nous n&#8217;avons pas trouv\u00e9 la page que vous tentiez d&#8217;obtenir.\u00a0 Accueil","og_url":"https:\/\/cyberperformance.ca\/en\/404-2\/","og_site_name":"CyberPerformance","article_modified_time":"2026-04-08T12:40:41+00:00","og_image":[{"width":765,"height":919,"url":"https:\/\/cyberperformance.ca\/wp-content\/uploads\/2021\/07\/404.png","type":"image\/png"}],"twitter_card":"summary_large_image","twitter_misc":{"Est. reading time":"1 minute"},"schema":{"@context":"https:\/\/schema.org","@graph":[{"@type":"WebPage","@id":"https:\/\/cyberperformance.ca\/404-2\/","url":"https:\/\/cyberperformance.ca\/404-2\/","name":"404 - CyberPerformance","isPartOf":{"@id":"https:\/\/cyberperformance.ca\/#website"},"primaryImageOfPage":{"@id":"https:\/\/cyberperformance.ca\/404-2\/#primaryimage"},"image":{"@id":"https:\/\/cyberperformance.ca\/404-2\/#primaryimage"},"thumbnailUrl":"https:\/\/cyberperformance.ca\/wp-content\/uploads\/2021\/07\/404.png","datePublished":"2021-07-16T00:30:29+00:00","dateModified":"2026-04-08T12:40:41+00:00","breadcrumb":{"@id":"https:\/\/cyberperformance.ca\/404-2\/#breadcrumb"},"inLanguage":"en-CA","potentialAction":[{"@type":"ReadAction","target":["https:\/\/cyberperformance.ca\/404-2\/"]}]},{"@type":"ImageObject","inLanguage":"en-CA","@id":"https:\/\/cyberperformance.ca\/404-2\/#primaryimage","url":"https:\/\/cyberperformance.ca\/wp-content\/uploads\/2021\/07\/404.png","contentUrl":"https:\/\/cyberperformance.ca\/wp-content\/uploads\/2021\/07\/404.png"},{"@type":"BreadcrumbList","@id":"https:\/\/cyberperformance.ca\/404-2\/#breadcrumb","itemListElement":[{"@type":"ListItem","position":1,"name":"Accueil","item":"https:\/\/cyberperformance.ca\/"},{"@type":"ListItem","position":2,"name":"404"}]},{"@type":"WebSite","@id":"https:\/\/cyberperformance.ca\/#website","url":"https:\/\/cyberperformance.ca\/","name":"CyberPerformance","description":"Agence Web num\u00e9rique","publisher":{"@id":"https:\/\/cyberperformance.ca\/#organization"},"potentialAction":[{"@type":"SearchAction","target":{"@type":"EntryPoint","urlTemplate":"https:\/\/cyberperformance.ca\/?s={search_term_string}"},"query-input":{"@type":"PropertyValueSpecification","valueRequired":true,"valueName":"search_term_string"}}],"inLanguage":"en-CA"},{"@type":"Organization","@id":"https:\/\/cyberperformance.ca\/#organization","name":"CyberPerformance","url":"https:\/\/cyberperformance.ca\/","logo":{"@type":"ImageObject","inLanguage":"en-CA","@id":"https:\/\/cyberperformance.ca\/#\/schema\/logo\/image\/","url":"https:\/\/cyberperformance.ca\/wp-content\/uploads\/2022\/04\/cropped-CP.png","contentUrl":"https:\/\/cyberperformance.ca\/wp-content\/uploads\/2022\/04\/cropped-CP.png","width":400,"height":400,"caption":"CyberPerformance"},"image":{"@id":"https:\/\/cyberperformance.ca\/#\/schema\/logo\/image\/"}}]}},"_links":{"self":[{"href":"https:\/\/cyberperformance.ca\/en\/wp-json\/wp\/v2\/pages\/2096","targetHints":{"allow":["GET"]}}],"collection":[{"href":"https:\/\/cyberperformance.ca\/en\/wp-json\/wp\/v2\/pages"}],"about":[{"href":"https:\/\/cyberperformance.ca\/en\/wp-json\/wp\/v2\/types\/page"}],"author":[{"embeddable":true,"href":"https:\/\/cyberperformance.ca\/en\/wp-json\/wp\/v2\/users\/1"}],"replies":[{"embeddable":true,"href":"https:\/\/cyberperformance.ca\/en\/wp-json\/wp\/v2\/comments?post=2096"}],"version-history":[{"count":4,"href":"https:\/\/cyberperformance.ca\/en\/wp-json\/wp\/v2\/pages\/2096\/revisions"}],"predecessor-version":[{"id":6458,"href":"https:\/\/cyberperformance.ca\/en\/wp-json\/wp\/v2\/pages\/2096\/revisions\/6458"}],"wp:attachment":[{"href":"https:\/\/cyberperformance.ca\/en\/wp-json\/wp\/v2\/media?parent=2096"}],"curies":[{"name":"wp","href":"https:\/\/api.w.org\/{rel}","templated":true}]}}