{"id":3597,"date":"2021-10-18T00:40:06","date_gmt":"2021-10-18T00:40:06","guid":{"rendered":"https:\/\/cyberperformance.ca\/?page_id=3597"},"modified":"2021-10-22T02:31:39","modified_gmt":"2021-10-22T02:31:39","slug":"seo-et-articles-de-blog","status":"publish","type":"page","link":"https:\/\/cyberperformance.ca\/en\/seo-et-articles-de-blog\/","title":{"rendered":"SEO and Blog Posts"},"content":{"rendered":"<div data-elementor-type=\"wp-page\" data-elementor-id=\"3597\" class=\"elementor elementor-3597\" data-elementor-post-type=\"page\">\n\t\t\t\t\t\t<section class=\"elementor-section elementor-top-section elementor-element elementor-element-170fc529 elementor-section-full_width elementor-section-content-middle elementor-section-height-default elementor-section-height-default\" data-id=\"170fc529\" data-element_type=\"section\" data-settings=\"{&quot;background_background&quot;:&quot;classic&quot;}\">\n\t\t\t\t\t\t\t<div class=\"elementor-background-overlay\"><\/div>\n\t\t\t\t\t\t\t<div class=\"elementor-container elementor-column-gap-default\">\n\t\t\t\t\t<div class=\"elementor-column elementor-col-100 elementor-top-column elementor-element elementor-element-35d16251\" data-id=\"35d16251\" data-element_type=\"column\">\n\t\t\t<div class=\"elementor-widget-wrap elementor-element-populated\">\n\t\t\t\t\t\t<div class=\"elementor-element elementor-element-21009658 elementor-widget elementor-widget-page-title\" data-id=\"21009658\" data-element_type=\"widget\" data-settings=\"{&quot;align&quot;:&quot;center&quot;}\" data-widget_type=\"page-title.default\">\n\t\t\t\t<div class=\"elementor-widget-container\">\n\t\t\t\t\t\t\t\n\t\t<div class=\"hfe-page-title hfe-page-title-wrapper elementor-widget-heading\">\n\n\t\t\t\t\t\t\t\t\t\t\t<a href=\"https:\/\/cyberperformance.ca\/en\">\n\t\t\t\t\t\t<h2 class=\"elementor-heading-title elementor-size-default\">\n\t\t\t\t\t\t\t\t\n\t\t\t\tSEO and Blog Posts  \n\t\t\t<\/h2> \n\t\t\t\t\t\t\t\t\t<\/a>\n\t\t\t\t\t<\/div>\n\t\t\t\t\t\t<\/div>\n\t\t\t\t<\/div>\n\t\t\t\t\t<\/div>\n\t\t<\/div>\n\t\t\t\t\t<\/div>\n\t\t<\/section>\n\t\t\t\t<section class=\"elementor-section elementor-top-section elementor-element elementor-element-5743deb1 elementor-section-content-middle elementor-section-boxed elementor-section-height-default elementor-section-height-default\" data-id=\"5743deb1\" data-element_type=\"section\">\n\t\t\t\t\t\t<div class=\"elementor-container elementor-column-gap-extended\">\n\t\t\t\t\t<div class=\"elementor-column elementor-col-25 elementor-top-column elementor-element elementor-element-6db8d9b3\" data-id=\"6db8d9b3\" data-element_type=\"column\">\n\t\t\t<div class=\"elementor-widget-wrap\">\n\t\t\t\t\t\t\t<\/div>\n\t\t<\/div>\n\t\t\t\t<div class=\"elementor-column elementor-col-25 elementor-top-column elementor-element elementor-element-16dd8073\" data-id=\"16dd8073\" data-element_type=\"column\">\n\t\t\t<div class=\"elementor-widget-wrap elementor-element-populated\">\n\t\t\t\t\t\t<div class=\"elementor-element elementor-element-66f37752 elementor-widget elementor-widget-heading\" data-id=\"66f37752\" data-element_type=\"widget\" data-widget_type=\"heading.default\">\n\t\t\t\t<div class=\"elementor-widget-container\">\n\t\t\t\t\t<h2 class=\"elementor-heading-title elementor-size-default\">Make your site a visitor magnet<\/h2>\t\t\t\t<\/div>\n\t\t\t\t<\/div>\n\t\t\t\t\t<\/div>\n\t\t<\/div>\n\t\t\t\t<div class=\"elementor-column elementor-col-25 elementor-top-column elementor-element elementor-element-6be63517\" data-id=\"6be63517\" data-element_type=\"column\">\n\t\t\t<div class=\"elementor-widget-wrap elementor-element-populated\">\n\t\t\t\t\t\t<div class=\"elementor-element elementor-element-55ddb090 elementor-absolute elementor-widget elementor-widget-text-editor\" data-id=\"55ddb090\" data-element_type=\"widget\" data-settings=\"{&quot;_position&quot;:&quot;absolute&quot;}\" data-widget_type=\"text-editor.default\">\n\t\t\t\t<div class=\"elementor-widget-container\">\n\t\t\t\t\t\t\t\t\t<p>To enhance the visibility of your website on search engines, it's crucial to enrich it with diverse articles and textual content related to the primary subject of your site. The more keywords you focus on, the better your web presence will be. Of course, other criteria also come into play.<\/p>\t\t\t\t\t\t\t\t<\/div>\n\t\t\t\t<\/div>\n\t\t\t\t\t<\/div>\n\t\t<\/div>\n\t\t\t\t<div class=\"elementor-column elementor-col-25 elementor-top-column elementor-element elementor-element-4e1da30d\" data-id=\"4e1da30d\" data-element_type=\"column\">\n\t\t\t<div class=\"elementor-widget-wrap\">\n\t\t\t\t\t\t\t<\/div>\n\t\t<\/div>\n\t\t\t\t\t<\/div>\n\t\t<\/section>\n\t\t\t\t<section class=\"elementor-section elementor-top-section elementor-element elementor-element-17df56d1 elementor-section-boxed elementor-section-height-default elementor-section-height-default\" data-id=\"17df56d1\" data-element_type=\"section\">\n\t\t\t\t\t\t<div class=\"elementor-container elementor-column-gap-extended\">\n\t\t\t\t\t<div class=\"elementor-column elementor-col-25 elementor-top-column elementor-element elementor-element-3d4d0a9c\" data-id=\"3d4d0a9c\" data-element_type=\"column\">\n\t\t\t<div class=\"elementor-widget-wrap elementor-element-populated\">\n\t\t\t\t\t\t<div class=\"elementor-element elementor-element-5de12f09 home-features elementor-widget elementor-widget-html\" data-id=\"5de12f09\" data-element_type=\"widget\" data-widget_type=\"html.default\">\n\t\t\t\t<div class=\"elementor-widget-container\">\n\t\t\t\t\t<div class=\"icon\">\n<i class=\"fas fa-code\"><\/i>\n<\/div>\n<h3 class=\"title\">\n<a href=\"#\">IMPROVEMENTS IN TECHNICAL ELEMENTS<\/a>\n<\/h3>\n<div class=\"text\">Several technical elements influence the SEO of your website and we offer to correct\/improve them to promote good SEO.<\/div>\t\t\t\t<\/div>\n\t\t\t\t<\/div>\n\t\t\t\t<div class=\"elementor-element elementor-element-4bd9cfa elementor-widget elementor-widget-spacer\" data-id=\"4bd9cfa\" data-element_type=\"widget\" data-widget_type=\"spacer.default\">\n\t\t\t\t<div class=\"elementor-widget-container\">\n\t\t\t\t\t\t\t<div class=\"elementor-spacer\">\n\t\t\t<div class=\"elementor-spacer-inner\"><\/div>\n\t\t<\/div>\n\t\t\t\t\t\t<\/div>\n\t\t\t\t<\/div>\n\t\t\t\t<div class=\"elementor-element elementor-element-62774477 home-features elementor-widget elementor-widget-html\" data-id=\"62774477\" data-element_type=\"widget\" data-widget_type=\"html.default\">\n\t\t\t\t<div class=\"elementor-widget-container\">\n\t\t\t\t\t<div class=\"icon\">\n<i class=\"fas fa-satellite-dish\"><\/i>\n<\/div>\n<h3 class=\"title\">\n<a href=\"#\">SATELITE SERVER<\/a>\n<\/h3>\n<div class=\"text\">Putting a satellite server for remote locations or to respond to greater traffic is well received by search engines<\/div>\t\t\t\t<\/div>\n\t\t\t\t<\/div>\n\t\t\t\t\t<\/div>\n\t\t<\/div>\n\t\t\t\t<div class=\"elementor-column elementor-col-25 elementor-top-column elementor-element elementor-element-7d4fc0f8\" data-id=\"7d4fc0f8\" data-element_type=\"column\">\n\t\t\t<div class=\"elementor-widget-wrap elementor-element-populated\">\n\t\t\t\t\t\t<div class=\"elementor-element elementor-element-2ea094b0 elementor-hidden-desktop elementor-hidden-tablet elementor-widget elementor-widget-spacer\" data-id=\"2ea094b0\" data-element_type=\"widget\" data-widget_type=\"spacer.default\">\n\t\t\t\t<div class=\"elementor-widget-container\">\n\t\t\t\t\t\t\t<div class=\"elementor-spacer\">\n\t\t\t<div class=\"elementor-spacer-inner\"><\/div>\n\t\t<\/div>\n\t\t\t\t\t\t<\/div>\n\t\t\t\t<\/div>\n\t\t\t\t<div class=\"elementor-element elementor-element-7f1266da home-features elementor-widget elementor-widget-html\" data-id=\"7f1266da\" data-element_type=\"widget\" data-widget_type=\"html.default\">\n\t\t\t\t<div class=\"elementor-widget-container\">\n\t\t\t\t\t<div class=\"icon\"><i class=\"fas fa-tachometer-alt\"><\/i><\/div>\n<h3 class=\"title\"><a href=\"#\">LOADING SPEED<\/a><\/h3>\n<div class=\"text\">Did you know that more than 53% of people leave a website that takes more than 3 seconds to load? Several techniques exist to improve loading time. <\/div>\t\t\t\t<\/div>\n\t\t\t\t<\/div>\n\t\t\t\t<div class=\"elementor-element elementor-element-4007a190 elementor-widget elementor-widget-spacer\" data-id=\"4007a190\" data-element_type=\"widget\" data-widget_type=\"spacer.default\">\n\t\t\t\t<div class=\"elementor-widget-container\">\n\t\t\t\t\t\t\t<div class=\"elementor-spacer\">\n\t\t\t<div class=\"elementor-spacer-inner\"><\/div>\n\t\t<\/div>\n\t\t\t\t\t\t<\/div>\n\t\t\t\t<\/div>\n\t\t\t\t<div class=\"elementor-element elementor-element-503ad5c7 home-features elementor-widget elementor-widget-html\" data-id=\"503ad5c7\" data-element_type=\"widget\" data-widget_type=\"html.default\">\n\t\t\t\t<div class=\"elementor-widget-container\">\n\t\t\t\t\t<div class=\"icon\"><i class=\"fas fa-blog\"><\/i><\/div>\n<h3 class=\"title\"><a href=\"#\">BLOG<\/a><\/h3>\n<div class=\"text\">Having several blog articles on your website allows you to work on the keywords for which you want to be indexed<\/div>\t\t\t\t<\/div>\n\t\t\t\t<\/div>\n\t\t\t\t\t<\/div>\n\t\t<\/div>\n\t\t\t\t<div class=\"elementor-column elementor-col-25 elementor-top-column elementor-element elementor-element-7d798c83\" data-id=\"7d798c83\" data-element_type=\"column\">\n\t\t\t<div class=\"elementor-widget-wrap elementor-element-populated\">\n\t\t\t\t\t\t<div class=\"elementor-element elementor-element-3899b896 elementor-hidden-desktop elementor-hidden-tablet elementor-widget elementor-widget-spacer\" data-id=\"3899b896\" data-element_type=\"widget\" data-widget_type=\"spacer.default\">\n\t\t\t\t<div class=\"elementor-widget-container\">\n\t\t\t\t\t\t\t<div class=\"elementor-spacer\">\n\t\t\t<div class=\"elementor-spacer-inner\"><\/div>\n\t\t<\/div>\n\t\t\t\t\t\t<\/div>\n\t\t\t\t<\/div>\n\t\t\t\t<div class=\"elementor-element elementor-element-36d46981 home-features elementor-widget elementor-widget-html\" data-id=\"36d46981\" data-element_type=\"widget\" data-widget_type=\"html.default\">\n\t\t\t\t<div class=\"elementor-widget-container\">\n\t\t\t\t\t<div class=\"icon\"><i class=\"fas fa-images\"><\/i><\/div>\n<h3 class=\"title\"><a href=\"#\">IMPROVED IMAGES LOADING TIME<\/a><\/h3>\n<div class=\"text\">One of the things that slows down website loading times the most is images. Let our team take care of it.<\/div>\t\t\t\t<\/div>\n\t\t\t\t<\/div>\n\t\t\t\t<div class=\"elementor-element elementor-element-1629fca1 elementor-widget elementor-widget-spacer\" data-id=\"1629fca1\" data-element_type=\"widget\" data-widget_type=\"spacer.default\">\n\t\t\t\t<div class=\"elementor-widget-container\">\n\t\t\t\t\t\t\t<div class=\"elementor-spacer\">\n\t\t\t<div class=\"elementor-spacer-inner\"><\/div>\n\t\t<\/div>\n\t\t\t\t\t\t<\/div>\n\t\t\t\t<\/div>\n\t\t\t\t<div class=\"elementor-element elementor-element-27c52ba4 home-features elementor-widget elementor-widget-html\" data-id=\"27c52ba4\" data-element_type=\"widget\" data-widget_type=\"html.default\">\n\t\t\t\t<div class=\"elementor-widget-container\">\n\t\t\t\t\t<div class=\"icon\"><i class=\"fas fa-info-circle\"><\/i><\/div>\n<h3 class=\"title\"><a href=\"#\">WORKING ON METAS DESCRIPTIONS<\/a><\/h3>\n<div class=\"text\">Providing essential elements for the categorization of your website, pages and content is essential to hope for good SEO.<\/div>\t\t\t\t<\/div>\n\t\t\t\t<\/div>\n\t\t\t\t\t<\/div>\n\t\t<\/div>\n\t\t\t\t<div class=\"elementor-column elementor-col-25 elementor-top-column elementor-element elementor-element-46e51cd5\" data-id=\"46e51cd5\" data-element_type=\"column\">\n\t\t\t<div class=\"elementor-widget-wrap elementor-element-populated\">\n\t\t\t\t\t\t<div class=\"elementor-element elementor-element-53a98ac9 elementor-hidden-desktop elementor-hidden-tablet elementor-widget elementor-widget-spacer\" data-id=\"53a98ac9\" data-element_type=\"widget\" data-widget_type=\"spacer.default\">\n\t\t\t\t<div class=\"elementor-widget-container\">\n\t\t\t\t\t\t\t<div class=\"elementor-spacer\">\n\t\t\t<div class=\"elementor-spacer-inner\"><\/div>\n\t\t<\/div>\n\t\t\t\t\t\t<\/div>\n\t\t\t\t<\/div>\n\t\t\t\t<div class=\"elementor-element elementor-element-2a448f74 home-features elementor-widget elementor-widget-html\" data-id=\"2a448f74\" data-element_type=\"widget\" data-widget_type=\"html.default\">\n\t\t\t\t<div class=\"elementor-widget-container\">\n\t\t\t\t\t<div class=\"icon\"><i class=\"fas fa-server\"><\/i><\/div>\n<h3 class=\"title\"><a href=\"#\">QUALITY OF THE SERVER USED<\/a><\/h3>\n<div class=\"text\">The quality of the server used influences the loading time of the website used. We will suggest different interesting alternatives to you.<\/div>\t\t\t\t<\/div>\n\t\t\t\t<\/div>\n\t\t\t\t<div class=\"elementor-element elementor-element-e2658aa elementor-widget elementor-widget-spacer\" data-id=\"e2658aa\" data-element_type=\"widget\" data-widget_type=\"spacer.default\">\n\t\t\t\t<div class=\"elementor-widget-container\">\n\t\t\t\t\t\t\t<div class=\"elementor-spacer\">\n\t\t\t<div class=\"elementor-spacer-inner\"><\/div>\n\t\t<\/div>\n\t\t\t\t\t\t<\/div>\n\t\t\t\t<\/div>\n\t\t\t\t<div class=\"elementor-element elementor-element-7b22abef home-features elementor-widget elementor-widget-html\" data-id=\"7b22abef\" data-element_type=\"widget\" data-widget_type=\"html.default\">\n\t\t\t\t<div class=\"elementor-widget-container\">\n\t\t\t\t\t<div class=\"icon\"><i class=\"fas fa-link\"><\/i><\/div>\n<h3 class=\"title\"><a href=\"#\">REFERRAL LINKS<\/a><\/h3>\n<div class=\"text\">Your reputation on the web is, among other things, assessed based on the number of referring links you have had. It's a bit like the number of references a future employee has.<\/div>\t\t\t\t<\/div>\n\t\t\t\t<\/div>\n\t\t\t\t\t<\/div>\n\t\t<\/div>\n\t\t\t\t\t<\/div>\n\t\t<\/section>\n\t\t\t\t<section class=\"elementor-section elementor-top-section elementor-element elementor-element-59cd6053 elementor-section-boxed elementor-section-height-default elementor-section-height-default\" data-id=\"59cd6053\" data-element_type=\"section\" data-settings=\"{&quot;background_background&quot;:&quot;classic&quot;}\">\n\t\t\t\t\t\t<div class=\"elementor-container elementor-column-gap-extended\">\n\t\t\t\t\t<div class=\"elementor-column elementor-col-100 elementor-top-column elementor-element elementor-element-346eae6e\" data-id=\"346eae6e\" data-element_type=\"column\">\n\t\t\t<div class=\"elementor-widget-wrap elementor-element-populated\">\n\t\t\t\t\t\t<div class=\"elementor-element elementor-element-5d701824 section-subtitle-left-white elementor-widget elementor-widget-heading\" data-id=\"5d701824\" data-element_type=\"widget\" data-widget_type=\"heading.default\">\n\t\t\t\t<div class=\"elementor-widget-container\">\n\t\t\t\t\t<h5 class=\"elementor-heading-title elementor-size-default\">Appointment<\/h5>\t\t\t\t<\/div>\n\t\t\t\t<\/div>\n\t\t\t\t<div class=\"elementor-element elementor-element-58f3dfb8 elementor-widget elementor-widget-heading\" data-id=\"58f3dfb8\" data-element_type=\"widget\" data-widget_type=\"heading.default\">\n\t\t\t\t<div class=\"elementor-widget-container\">\n\t\t\t\t\t<h4 class=\"elementor-heading-title elementor-size-medium\">Schedule an appointment for a free online presence consultation today<\/h4>\t\t\t\t<\/div>\n\t\t\t\t<\/div>\n\t\t\t\t<section class=\"elementor-section elementor-inner-section elementor-element elementor-element-258624d5 elementor-section-full_width elementor-section-height-default elementor-section-height-default\" data-id=\"258624d5\" data-element_type=\"section\">\n\t\t\t\t\t\t<div class=\"elementor-container elementor-column-gap-no\">\n\t\t\t\t\t<div class=\"elementor-column elementor-col-33 elementor-inner-column elementor-element elementor-element-68657165\" data-id=\"68657165\" data-element_type=\"column\">\n\t\t\t<div class=\"elementor-widget-wrap\">\n\t\t\t\t\t\t\t<\/div>\n\t\t<\/div>\n\t\t\t\t<div class=\"elementor-column elementor-col-33 elementor-inner-column elementor-element elementor-element-7584787d\" data-id=\"7584787d\" data-element_type=\"column\">\n\t\t\t<div class=\"elementor-widget-wrap\">\n\t\t\t\t\t\t\t<\/div>\n\t\t<\/div>\n\t\t\t\t<div class=\"elementor-column elementor-col-33 elementor-inner-column elementor-element elementor-element-2bcc026f\" data-id=\"2bcc026f\" data-element_type=\"column\">\n\t\t\t<div class=\"elementor-widget-wrap\">\n\t\t\t\t\t\t\t<\/div>\n\t\t<\/div>\n\t\t\t\t\t<\/div>\n\t\t<\/section>\n\t\t\t\t\t<\/div>\n\t\t<\/div>\n\t\t\t\t\t<\/div>\n\t\t<\/section>\n\t\t\t\t<\/div>","protected":false},"excerpt":{"rendered":"<p>SEO et Articles de blog Faire de votre site un aimant \u00e0 visiteurs Pour que votre site web soit visible sur les moteurs de recherche, il est important d&#8217;enrichir votre site web d&#8217;articles et contenus textuels vari\u00e9s en lien avec le sujet principal de votre site. Plus vous avez de mots cl\u00e9s travaill\u00e9s, mieux sera [&hellip;]<\/p>","protected":false},"author":1,"featured_media":0,"parent":0,"menu_order":0,"comment_status":"closed","ping_status":"closed","template":"","meta":{"footnotes":""},"class_list":["post-3597","page","type-page","status-publish","hentry"],"yoast_head":"<!-- This site is optimized with the Yoast SEO plugin v25.5 - https:\/\/yoast.com\/wordpress\/plugins\/seo\/ -->\n<title>SEO et Articles de blog - CyberPerformance<\/title>\n<meta name=\"robots\" content=\"index, follow, max-snippet:-1, max-image-preview:large, max-video-preview:-1\" \/>\n<link rel=\"canonical\" href=\"https:\/\/cyberperformance.ca\/en\/seo-et-articles-de-blog\/\" \/>\n<meta property=\"og:locale\" content=\"en_US\" \/>\n<meta property=\"og:type\" content=\"article\" \/>\n<meta property=\"og:title\" content=\"SEO et Articles de blog - CyberPerformance\" \/>\n<meta property=\"og:description\" content=\"SEO et Articles de blog Faire de votre site un aimant \u00e0 visiteurs Pour que votre site web soit visible sur les moteurs de recherche, il est important d&#8217;enrichir votre site web d&#8217;articles et contenus textuels vari\u00e9s en lien avec le sujet principal de votre site. Plus vous avez de mots cl\u00e9s travaill\u00e9s, mieux sera [&hellip;]\" \/>\n<meta property=\"og:url\" content=\"https:\/\/cyberperformance.ca\/en\/seo-et-articles-de-blog\/\" \/>\n<meta property=\"og:site_name\" content=\"CyberPerformance\" \/>\n<meta property=\"article:modified_time\" content=\"2021-10-22T02:31:39+00:00\" \/>\n<meta property=\"og:image\" content=\"https:\/\/cyberperformance.ca\/wp-content\/uploads\/2025\/05\/Logo_noir_CyberPerformance-fond-blanc.jpg\" \/>\n\t<meta property=\"og:image:width\" content=\"1920\" \/>\n\t<meta property=\"og:image:height\" content=\"300\" \/>\n\t<meta property=\"og:image:type\" content=\"image\/jpeg\" \/>\n<meta name=\"twitter:card\" content=\"summary_large_image\" \/>\n<meta name=\"twitter:label1\" content=\"Est. reading time\" \/>\n\t<meta name=\"twitter:data1\" content=\"2 minutes\" \/>\n<script type=\"application\/ld+json\" class=\"yoast-schema-graph\">{\"@context\":\"https:\/\/schema.org\",\"@graph\":[{\"@type\":\"WebPage\",\"@id\":\"https:\/\/cyberperformance.ca\/seo-et-articles-de-blog\/\",\"url\":\"https:\/\/cyberperformance.ca\/seo-et-articles-de-blog\/\",\"name\":\"SEO et Articles de blog - CyberPerformance\",\"isPartOf\":{\"@id\":\"https:\/\/cyberperformance.ca\/#website\"},\"datePublished\":\"2021-10-18T00:40:06+00:00\",\"dateModified\":\"2021-10-22T02:31:39+00:00\",\"breadcrumb\":{\"@id\":\"https:\/\/cyberperformance.ca\/seo-et-articles-de-blog\/#breadcrumb\"},\"inLanguage\":\"en-CA\",\"potentialAction\":[{\"@type\":\"ReadAction\",\"target\":[\"https:\/\/cyberperformance.ca\/seo-et-articles-de-blog\/\"]}]},{\"@type\":\"BreadcrumbList\",\"@id\":\"https:\/\/cyberperformance.ca\/seo-et-articles-de-blog\/#breadcrumb\",\"itemListElement\":[{\"@type\":\"ListItem\",\"position\":1,\"name\":\"Accueil\",\"item\":\"https:\/\/cyberperformance.ca\/\"},{\"@type\":\"ListItem\",\"position\":2,\"name\":\"SEO et Articles de blog\"}]},{\"@type\":\"WebSite\",\"@id\":\"https:\/\/cyberperformance.ca\/#website\",\"url\":\"https:\/\/cyberperformance.ca\/\",\"name\":\"CyberPerformance\",\"description\":\"Agence Web num\u00e9rique\",\"publisher\":{\"@id\":\"https:\/\/cyberperformance.ca\/#organization\"},\"potentialAction\":[{\"@type\":\"SearchAction\",\"target\":{\"@type\":\"EntryPoint\",\"urlTemplate\":\"https:\/\/cyberperformance.ca\/?s={search_term_string}\"},\"query-input\":{\"@type\":\"PropertyValueSpecification\",\"valueRequired\":true,\"valueName\":\"search_term_string\"}}],\"inLanguage\":\"en-CA\"},{\"@type\":\"Organization\",\"@id\":\"https:\/\/cyberperformance.ca\/#organization\",\"name\":\"CyberPerformance\",\"url\":\"https:\/\/cyberperformance.ca\/\",\"logo\":{\"@type\":\"ImageObject\",\"inLanguage\":\"en-CA\",\"@id\":\"https:\/\/cyberperformance.ca\/#\/schema\/logo\/image\/\",\"url\":\"https:\/\/cyberperformance.ca\/wp-content\/uploads\/2022\/04\/cropped-CP.png\",\"contentUrl\":\"https:\/\/cyberperformance.ca\/wp-content\/uploads\/2022\/04\/cropped-CP.png\",\"width\":400,\"height\":400,\"caption\":\"CyberPerformance\"},\"image\":{\"@id\":\"https:\/\/cyberperformance.ca\/#\/schema\/logo\/image\/\"}}]}<\/script>\n<!-- \/ Yoast SEO plugin. -->","yoast_head_json":{"title":"SEO et Articles de blog - CyberPerformance","robots":{"index":"index","follow":"follow","max-snippet":"max-snippet:-1","max-image-preview":"max-image-preview:large","max-video-preview":"max-video-preview:-1"},"canonical":"https:\/\/cyberperformance.ca\/en\/seo-et-articles-de-blog\/","og_locale":"en_US","og_type":"article","og_title":"SEO et Articles de blog - CyberPerformance","og_description":"SEO et Articles de blog Faire de votre site un aimant \u00e0 visiteurs Pour que votre site web soit visible sur les moteurs de recherche, il est important d&#8217;enrichir votre site web d&#8217;articles et contenus textuels vari\u00e9s en lien avec le sujet principal de votre site. Plus vous avez de mots cl\u00e9s travaill\u00e9s, mieux sera [&hellip;]","og_url":"https:\/\/cyberperformance.ca\/en\/seo-et-articles-de-blog\/","og_site_name":"CyberPerformance","article_modified_time":"2021-10-22T02:31:39+00:00","og_image":[{"width":1920,"height":300,"url":"https:\/\/cyberperformance.ca\/wp-content\/uploads\/2025\/05\/Logo_noir_CyberPerformance-fond-blanc.jpg","type":"image\/jpeg"}],"twitter_card":"summary_large_image","twitter_misc":{"Est. reading time":"2 minutes"},"schema":{"@context":"https:\/\/schema.org","@graph":[{"@type":"WebPage","@id":"https:\/\/cyberperformance.ca\/seo-et-articles-de-blog\/","url":"https:\/\/cyberperformance.ca\/seo-et-articles-de-blog\/","name":"SEO et Articles de blog - CyberPerformance","isPartOf":{"@id":"https:\/\/cyberperformance.ca\/#website"},"datePublished":"2021-10-18T00:40:06+00:00","dateModified":"2021-10-22T02:31:39+00:00","breadcrumb":{"@id":"https:\/\/cyberperformance.ca\/seo-et-articles-de-blog\/#breadcrumb"},"inLanguage":"en-CA","potentialAction":[{"@type":"ReadAction","target":["https:\/\/cyberperformance.ca\/seo-et-articles-de-blog\/"]}]},{"@type":"BreadcrumbList","@id":"https:\/\/cyberperformance.ca\/seo-et-articles-de-blog\/#breadcrumb","itemListElement":[{"@type":"ListItem","position":1,"name":"Accueil","item":"https:\/\/cyberperformance.ca\/"},{"@type":"ListItem","position":2,"name":"SEO et Articles de blog"}]},{"@type":"WebSite","@id":"https:\/\/cyberperformance.ca\/#website","url":"https:\/\/cyberperformance.ca\/","name":"CyberPerformance","description":"Agence Web num\u00e9rique","publisher":{"@id":"https:\/\/cyberperformance.ca\/#organization"},"potentialAction":[{"@type":"SearchAction","target":{"@type":"EntryPoint","urlTemplate":"https:\/\/cyberperformance.ca\/?s={search_term_string}"},"query-input":{"@type":"PropertyValueSpecification","valueRequired":true,"valueName":"search_term_string"}}],"inLanguage":"en-CA"},{"@type":"Organization","@id":"https:\/\/cyberperformance.ca\/#organization","name":"CyberPerformance","url":"https:\/\/cyberperformance.ca\/","logo":{"@type":"ImageObject","inLanguage":"en-CA","@id":"https:\/\/cyberperformance.ca\/#\/schema\/logo\/image\/","url":"https:\/\/cyberperformance.ca\/wp-content\/uploads\/2022\/04\/cropped-CP.png","contentUrl":"https:\/\/cyberperformance.ca\/wp-content\/uploads\/2022\/04\/cropped-CP.png","width":400,"height":400,"caption":"CyberPerformance"},"image":{"@id":"https:\/\/cyberperformance.ca\/#\/schema\/logo\/image\/"}}]}},"_links":{"self":[{"href":"https:\/\/cyberperformance.ca\/en\/wp-json\/wp\/v2\/pages\/3597","targetHints":{"allow":["GET"]}}],"collection":[{"href":"https:\/\/cyberperformance.ca\/en\/wp-json\/wp\/v2\/pages"}],"about":[{"href":"https:\/\/cyberperformance.ca\/en\/wp-json\/wp\/v2\/types\/page"}],"author":[{"embeddable":true,"href":"https:\/\/cyberperformance.ca\/en\/wp-json\/wp\/v2\/users\/1"}],"replies":[{"embeddable":true,"href":"https:\/\/cyberperformance.ca\/en\/wp-json\/wp\/v2\/comments?post=3597"}],"version-history":[{"count":43,"href":"https:\/\/cyberperformance.ca\/en\/wp-json\/wp\/v2\/pages\/3597\/revisions"}],"predecessor-version":[{"id":4035,"href":"https:\/\/cyberperformance.ca\/en\/wp-json\/wp\/v2\/pages\/3597\/revisions\/4035"}],"wp:attachment":[{"href":"https:\/\/cyberperformance.ca\/en\/wp-json\/wp\/v2\/media?parent=3597"}],"curies":[{"name":"wp","href":"https:\/\/api.w.org\/{rel}","templated":true}]}}