{"id":4280,"date":"2023-09-14T13:07:56","date_gmt":"2023-09-14T13:07:56","guid":{"rendered":"https:\/\/cyberperformance.ca\/?page_id=4280"},"modified":"2023-09-16T17:55:30","modified_gmt":"2023-09-16T17:55:30","slug":"formulaires-telephonistes","status":"publish","type":"page","link":"https:\/\/cyberperformance.ca\/en\/formulaires-telephonistes\/","title":{"rendered":"Formulaires-t\u00e9l\u00e9phonistes"},"content":{"rendered":"<div data-elementor-type=\"wp-page\" data-elementor-id=\"4280\" class=\"elementor elementor-4280\" data-elementor-post-type=\"page\">\n\t\t\t\t\t\t<section class=\"elementor-section elementor-top-section elementor-element elementor-element-3f2186b elementor-section-boxed elementor-section-height-default elementor-section-height-default\" data-id=\"3f2186b\" data-element_type=\"section\">\n\t\t\t\t\t\t<div class=\"elementor-container elementor-column-gap-default\">\n\t\t\t\t\t<div class=\"elementor-column elementor-col-100 elementor-top-column elementor-element elementor-element-27d5412\" data-id=\"27d5412\" data-element_type=\"column\">\n\t\t\t<div class=\"elementor-widget-wrap elementor-element-populated\">\n\t\t\t\t\t\t<div class=\"elementor-element elementor-element-c37ec9f elementor-widget elementor-widget-html\" data-id=\"c37ec9f\" data-element_type=\"widget\" data-widget_type=\"html.default\">\n\t\t\t\t<div class=\"elementor-widget-container\">\n\t\t\t\t\t<!-- Note :\r\n   - You can modify the font style and form style to suit your website. \r\n   - Code lines with comments Do not remove this code are required for the form to work properly, make sure that you do not remove these lines of code. \r\n   - The Mandatory check script can modified as to suit your business needs. \r\n   - It is important that you test the modified form before going live.-->\r\n<div id='crmWebToEntityForm' class='zcwf_lblLeft crmWebToEntityForm' style='background-color: #FFFFFF;color: black;max-width: 600px;'>\r\n  <meta name='viewport' content='width=device-width, initial-scale=1.0'>\r\n   <meta http-equiv ='content-type' content='text\/html;charset=UTF-8'>\r\n   <form action='https:\/\/crm.zoho.com\/crm\/WebToLeadForm' name=\"WebToLeads4371919000023593003\" method='POST' onsubmit='javascript:document.charset=\"UTF-8\"; return checkMandatory4371919000023593003()' accept-charset='UTF-8' data-trp-original-action=\"https:\/\/crm.zoho.com\/crm\/WebToLeadForm\">\r\n <input type='text' style='display:none;' name='xnQsjsdp' value='d3628eca0d039def47caaa0f4f0f78339c53fc4eb869f93a359922be1738fdf9'><\/input> \r\n <input type='hidden' name='zc_gad' id='zc_gad' value=''><\/input>\r\n <input type='text' style='display:none;' name='xmIwtLD' value='3764c6e26af5de2fb369333b2d8c24dea755b506bbdda9b6d23fe4b712aa365b'><\/input> \r\n <input type='text'  style='display:none;' name='actionType' value='TGVhZHM='><\/input>\r\n <input type='text' style='display:none;' name='returnURL' value='https&#x3a;&#x2f;&#x2f;cyberperformance.ca&#x2f;formulaires-telephonistes&#x2f;' > <\/input>\r\n\t <!-- Do not remove this code. -->\r\n<style>\r\nhtml,body{\r\n\tmargin: 0px;\r\n}\r\n#crmWebToEntityForm.zcwf_lblLeft {\r\n\twidth:100%;\r\n\tpadding: 25px;\r\n\tmargin: 0 auto;\r\n\tbox-sizing: border-box;\r\n}\r\n#crmWebToEntityForm.zcwf_lblLeft * {\r\n\tbox-sizing: border-box;\r\n}\r\n#crmWebToEntityForm{text-align: left;}\r\n#crmWebToEntityForm * {\r\n\tdirection: ltr;\r\n}\r\n.zcwf_lblLeft .zcwf_title {\r\n\tword-wrap: break-word;\r\n\tpadding: 0px 6px 10px;\r\n\tfont-weight:bold }.zcwf_lblLeft.cpT_primaryBtn:hover{\r\n\tbackground: linear-gradient(#02acff 0,#006be4 100%) no-repeat padding-box !important;\r\n\tbox-shadow: 0 -2px 0 0 #0159b9 inset !important;\r\n\tborder: 0 !important;\r\n\tcolor: #fff !important;\r\n\toutline: 0 !important;\r\n}.zcwf_lblLeft .zcwf_col_fld input[type=text], input[type=password], .zcwf_lblLeft .zcwf_col_fld textarea {\r\n\twidth: 60%;\r\n\tborder: 1px solid #c0c6cc !important;\r\n\tresize: vertical;\r\n\tborder-radius: 2px;\r\n\tfloat: left;\r\n}\r\n.zcwf_lblLeft .zcwf_col_lab {\r\n\twidth: 30%;\r\n\tword-break: break-word;\r\n\tpadding: 0px 6px 0px;\r\n\tmargin-right: 10px;\r\n\tmargin-top: 5px;\r\n\tfloat: left;\r\n\tmin-height: 1px;\r\n}\r\n.zcwf_lblLeft .zcwf_col_fld {\r\n\tfloat: left;\r\n\twidth: 68%;\r\n\tpadding: 0px 6px 0px;\r\n\tposition: relative;\r\n\tmargin-top: 5px;\r\n}\r\n.zcwf_lblLeft .zcwf_privacy{padding: 6px;}\r\n.zcwf_lblLeft .wfrm_fld_dpNn{display: none;}\r\n.dIB{display: inline-block;}\r\n.zcwf_lblLeft .zcwf_col_fld_slt {\r\n\twidth: 60%;\r\n\tborder: 1px solid #ccc;\r\n\tbackground: #fff;\r\n\tborder-radius: 4px;\r\n\tfont-size: 12px;\r\n\tfloat: left;\r\n\tresize: vertical;\r\n\tpadding: 2px 5px;\r\n}\r\n.zcwf_lblLeft .zcwf_row:after, .zcwf_lblLeft .zcwf_col_fld:after {\r\n\tcontent: '';\r\n\tdisplay: table;\r\n\tclear: both;\r\n}\r\n.zcwf_lblLeft .zcwf_col_help {\r\n\tfloat: left;\r\n\tmargin-left: 7px;\r\n\tfont-size: 12px;\r\n\tmax-width: 35%;\r\n\tword-break: break-word;\r\n}\r\n.zcwf_lblLeft .zcwf_help_icon {\r\n\tcursor: pointer;\r\n\twidth: 16px;\r\n\theight: 16px;\r\n\tdisplay: inline-block;\r\n\tbackground: #fff;\r\n\tborder: 1px solid #c0c6cc;\r\n\tcolor: #c1c1c1;\r\n\ttext-align: center;\r\n\tfont-size: 11px;\r\n\tline-height: 16px;\r\n\tfont-weight: bold;\r\n\tborder-radius: 50%;\r\n}\r\n.zcwf_lblLeft .zcwf_row {margin: 15px 0px;}\r\n.zcwf_lblLeft .formsubmit {\r\n\tmargin-right: 5px;\r\n\tcursor: pointer;\r\n\tcolor: var(--baseColor);\r\n\tfont-size: 12px;\r\n}\r\n.zcwf_lblLeft .zcwf_privacy_txt {\r\n\twidth: 90%;\r\n\tcolor: rgb(0, 0, 0);\r\n\tfont-size: 12px;\r\n\tfont-family: Arial;\r\n\tdisplay: inline-block;\r\n\tvertical-align: top;\r\n\tcolor: var(--baseColor);\r\n\tpadding-top: 2px;\r\n\tmargin-left: 6px;\r\n}\r\n.zcwf_lblLeft .zcwf_button {\r\n\tfont-size: 12px;\r\n\tcolor: var(--baseColor);\r\n\tborder: 1px solid #c0c6cc;\r\n\tpadding: 3px 9px;\r\n\tborder-radius: 4px;\r\n\tcursor: pointer;\r\n\tmax-width: 120px;\r\n\toverflow: hidden;\r\n\ttext-overflow: ellipsis;\r\n\twhite-space: nowrap;\r\n}\r\n.zcwf_lblLeft .zcwf_tooltip_over{\r\n\tposition: relative;\r\n}\r\n.zcwf_lblLeft .zcwf_tooltip_ctn{\r\n\tposition: absolute;\r\n\tbackground: #dedede;\r\n\tpadding: 3px 6px;\r\n\ttop: 3px;\r\n\tborder-radius: 4px;word-break: break-word;\r\n\tmin-width: 100px;\r\n\tmax-width: 150px;\r\n\tcolor: var(--baseColor);\r\n\tz-index: 100;\r\n}\r\n.zcwf_lblLeft .zcwf_ckbox{\r\n\tfloat: left;\r\n}\r\n.zcwf_lblLeft .zcwf_file{\r\n\twidth: 55%;\r\n\tbox-sizing: border-box;\r\n\tfloat: left;\r\n}\r\n.clearB:after{\r\n\tcontent:'';\r\n\tdisplay: block;\r\n\tclear: both;\r\n}\r\n@media all and (max-width: 600px) {\r\n\t.zcwf_lblLeft .zcwf_col_lab, .zcwf_lblLeft .zcwf_col_fld {\r\n\t\twidth: auto;\r\n\t\tfloat: none !important;\r\n\t}\r\n\t.zcwf_lblLeft .zcwf_col_help {width: 40%;}\r\n}\r\n<\/style>\r\n<div class='zcwf_title' style='max-width: 600px;color: black; font-family:Arial;'>Demandes_Courriels<\/div><div class='zcwf_row'><div class='zcwf_col_lab' style='font-size:12px; font-family: Arial;'><label for='Company'>Soci\u00e9t\u00e9<span style='color:red;'>*<\/span><\/label><\/div><div class='zcwf_col_fld'><input type='text' id='Company' name='Company' maxlength='200'><\/input><div class='zcwf_col_help'><\/div><\/div><\/div><div class='zcwf_row'><div class='zcwf_col_lab' style='font-size:12px; font-family: Arial;'><label for='First_Name'>Pr&eacute;nom<\/label><\/div><div class='zcwf_col_fld'><input type='text' id='First_Name' name='First Name' maxlength='40'><\/input><div class='zcwf_col_help'><\/div><\/div><\/div><div class='zcwf_row'><div class='zcwf_col_lab' style='font-size:12px; font-family: Arial;'><label for='Last_Name'>Nom<span style='color:red;'>*<\/span><\/label><\/div><div class='zcwf_col_fld'><input type='text' id='Last_Name' name='Last Name' maxlength='80'><\/input><div class='zcwf_col_help'><\/div><\/div><\/div><div class='zcwf_row'><div class='zcwf_col_lab' style='font-size:12px; font-family: Arial;'><label for='Phone'>T&eacute;l&eacute;phone<\/label><\/div><div class='zcwf_col_fld'><input type='text' id='Phone' name='Phone' maxlength='30'><\/input><div class='zcwf_col_help'><\/div><\/div><\/div><div class='zcwf_row'><div class='zcwf_col_lab' style='font-size:12px; font-family: Arial;'><label for='Mobile'>Portable<\/label><\/div><div class='zcwf_col_fld'><input type='text' id='Mobile' name='Mobile' maxlength='30'><\/input><div class='zcwf_col_help'> <span title='Num&eacute;ro de cellulaire de la personne ressource' style='cursor: pointer; width: 16px; height: 16px; display: inline-block; background: #fff; border: 1px solid #c0c6cc; color: #c1c1c1; text-align: center; font-size: 11px; line-height: 16px; font-weight: bold; border-radius: 50%;' onclick='tooltipShow4371919000023593003(this)'>?<\/span><div class='zcwf_tooltip_over' style='display: none;'><span class='zcwf_tooltip_ctn'>Num&eacute;ro de cellulaire de la personne ressource<\/span><\/div><\/div><\/div><\/div><div class='zcwf_row'><div class='zcwf_col_lab' style='font-size:12px; font-family: Arial;'><label for='Email'>E-mail<span style='color:red;'>*<\/span><\/label><\/div><div class='zcwf_col_fld'><input type='text' ftype='email' autocomplete='false' id='Email' name='Email' maxlength='100'><\/input><div class='zcwf_col_help'> <span title='Double v&eacute;rifiez avec l&#x27;alphabet international svp' style='cursor: pointer; width: 16px; height: 16px; display: inline-block; background: #fff; border: 1px solid #c0c6cc; color: #c1c1c1; text-align: center; font-size: 11px; line-height: 16px; font-weight: bold; border-radius: 50%;' onclick='tooltipShow4371919000023593003(this)'>?<\/span><div class='zcwf_tooltip_over' style='display: none;'><span class='zcwf_tooltip_ctn'>Double v&eacute;rifiez avec l&#x27;alphabet international svp<\/span><\/div><\/div><\/div><\/div><div class='zcwf_row'><div class='zcwf_col_lab' style='font-size:12px; font-family: Arial;'><label for='Website'>Site Web<\/label><\/div><div class='zcwf_col_fld'><input type='text' id='Website' name='Website' maxlength='255'><\/input><div class='zcwf_col_help'><\/div><\/div><\/div><div class='zcwf_row'><div class='zcwf_col_lab' style='font-size:12px; font-family: Arial;'><label for='LEADCF8'>Commentaire de l&#x27;agent T&eacute;l&eacute;-Prospecteur<\/label><\/div><div class='zcwf_col_fld'><textarea id='LEADCF8' name='LEADCF8'><\/textarea><div class='zcwf_col_help'> <span title='Les prospects ne verront pas votre commentaire. Note interne seulement' style='cursor: pointer; width: 16px; height: 16px; display: inline-block; background: #fff; border: 1px solid #c0c6cc; color: #c1c1c1; text-align: center; font-size: 11px; line-height: 16px; font-weight: bold; border-radius: 50%;' onclick='tooltipShow4371919000023593003(this)'>?<\/span><div class='zcwf_tooltip_over' style='display: none;'><span class='zcwf_tooltip_ctn'>Les prospects ne verront pas votre commentaire. Note interne seulement<\/span><\/div><\/div><\/div><\/div><div class='zcwf_row'><div class='zcwf_col_lab'><\/div><div class='zcwf_col_fld'><input type='submit' id='formsubmit' class='formsubmit zcwf_button' value='Soumettre' title='Soumettre'><input type='reset' class='zcwf_button' name='reset' value='Re-param&eacute;trer' title='Re-param&eacute;trer'><\/div><\/div>\r\n\t<script>\r\n\tfunction validateEmail4371919000023593003()\r\n\t{\r\n\t\tvar form = document.forms['WebToLeads4371919000023593003'];\r\n\t\tvar emailFld = form.querySelectorAll('[ftype=email]');\r\n\t\tvar i;\r\n\t\tfor (i = 0; i < emailFld.length; i++)\r\n\t\t{\r\n\t\t\tvar emailVal = emailFld[i].value;\r\n\t\t\tif((emailVal.replace(\/^\\s+|\\s+$\/g, '')).length!=0 )\r\n\t\t\t{\r\n\t\t\t\tvar atpos=emailVal.indexOf('@');\r\n\t\t\t\tvar dotpos=emailVal.lastIndexOf('.');\r\n\t\t\t\tif (atpos<1 || dotpos<atpos+2 || dotpos+2>=emailVal.length)\r\n\t\t\t\t{\r\n\t\t\t\t\talert('Veuillez entrer une adresse e-mail valide. ');\r\n\t\t\t\t\temailFld[i].focus();\r\n\t\t\t\t\treturn false;\r\n\t\t\t\t}\r\n\t\t\t}\r\n\t\t}\r\n\t\treturn true;\r\n\t}\r\n\r\n \t  function checkMandatory4371919000023593003() {\r\n\t\tvar mndFileds = new Array('Company','Last Name','Email');\r\n\t\tvar fldLangVal = new Array('Soci\\xE9t\\xE9','Nom','E\\x2Dmail');\r\n\t\tfor(i=0;i<mndFileds.length;i++) {\r\n\t\t  var fieldObj=document.forms['WebToLeads4371919000023593003'][mndFileds[i]];\r\n\t\t  if(fieldObj) {\r\n\t\t\tif (((fieldObj.value).replace(\/^\\s+|\\s+$\/g, '')).length==0) {\r\n\t\t\t if(fieldObj.type =='file')\r\n\t\t\t\t{ \r\n\t\t\t\t alert('Veuillez s\u00e9lectionner un fichier \u00e0 charger.'); \r\n\t\t\t\t fieldObj.focus(); \r\n\t\t\t\t return false;\r\n\t\t\t\t} \r\n\t\t\talert(fldLangVal[i] +' ne peut pas \u00eatre vide.'); \r\n   \t   \t  \t  fieldObj.focus();\r\n   \t   \t  \t  return false;\r\n\t\t\t}  else if(fieldObj.nodeName=='SELECT') {\r\n  \t   \t   \t if(fieldObj.options[fieldObj.selectedIndex].value=='-None-') {\r\n\t\t\t\talert(fldLangVal[i] +' ne peut \u00eatre aucun.'); \r\n\t\t\t\tfieldObj.focus();\r\n\t\t\t\treturn false;\r\n\t\t\t   }\r\n\t\t\t} else if(fieldObj.type =='checkbox'){\r\n \t \t \t if(fieldObj.checked == false){\r\n\t\t\t\talert('Please accept  '+fldLangVal[i]);\r\n\t\t\t\tfieldObj.focus();\r\n\t\t\t\treturn false;\r\n\t\t\t   } \r\n\t\t\t } \r\n\t\t\t try {\r\n\t\t\t     if(fieldObj.name == 'Last Name') {\r\n\t\t\t\tname = fieldObj.value;\r\n \t \t \t    }\r\n\t\t\t} catch (e) {}\r\n\t\t    }\r\n\t\t}\r\n\t\tif(!validateEmail4371919000023593003()){return false;}\r\n\t\tdocument.querySelector('.crmWebToEntityForm .formsubmit').setAttribute('disabled', true);\r\n\t}\r\n\r\nfunction tooltipShow4371919000023593003(el){\r\n\tvar tooltip = el.nextElementSibling;\r\n\tvar tooltipDisplay = tooltip.style.display;\r\n\tif(tooltipDisplay == 'none'){\r\n\t\tvar allTooltip = document.getElementsByClassName('zcwf_tooltip_over');\r\n\t\tfor(i=0; i<allTooltip.length; i++){\r\n\t\t\tallTooltip[i].style.display='none';\r\n\t\t}\r\n\t\ttooltip.style.display = 'block';\r\n\t}else{\r\n\t\ttooltip.style.display='none';\r\n\t}\r\n}\r\n<\/script>\r\n\t<!-- Do not remove this --- Analytics Tracking code starts --><script id='wf_anal' src='https:\/\/crm.zohopublic.com\/crm\/WebFormAnalyticsServeServlet?rid=3764c6e26af5de2fb369333b2d8c24dea755b506bbdda9b6d23fe4b712aa365bgidd3628eca0d039def47caaa0f4f0f78339c53fc4eb869f93a359922be1738fdf9gid885e3c1045bd9bdcc91bdf30f82b5696gid14f4ec16431e0686150daa43f3210513&tw=61690b96c1d0471b638f31426f38e68aa67fb7ed6da86f32dc10ad817fe55a0a'><\/script><!-- Do not remove this --- Analytics Tracking code ends. --><input type=\"hidden\" name=\"trp-form-language\" value=\"en\"\/><\/form>\r\n<\/div>\t\t\t\t<\/div>\n\t\t\t\t<\/div>\n\t\t\t\t\t<\/div>\n\t\t<\/div>\n\t\t\t\t\t<\/div>\n\t\t<\/section>\n\t\t\t\t<\/div>","protected":false},"excerpt":{"rendered":"<p>Demandes_CourrielsSoci\u00e9t\u00e9*Pr&eacute;nomNom*T&eacute;l&eacute;phonePortable ?Num&eacute;ro de cellulaire de la personne ressourceE-mail* ?Double v&eacute;rifiez avec l&#x27;alphabet international svpSite WebCommentaire de l&#x27;agent T&eacute;l&eacute;-Prospecteur ?Les prospects ne verront pas votre commentaire. Note interne seulement<\/p>","protected":false},"author":1,"featured_media":0,"parent":0,"menu_order":0,"comment_status":"closed","ping_status":"closed","template":"","meta":{"footnotes":""},"class_list":["post-4280","page","type-page","status-publish","hentry"],"yoast_head":"<!-- This site is optimized with the Yoast SEO plugin v25.5 - https:\/\/yoast.com\/wordpress\/plugins\/seo\/ -->\n<title>Formulaires-t\u00e9l\u00e9phonistes - CyberPerformance<\/title>\n<meta name=\"robots\" content=\"index, follow, max-snippet:-1, max-image-preview:large, max-video-preview:-1\" \/>\n<link rel=\"canonical\" href=\"https:\/\/cyberperformance.ca\/en\/formulaires-telephonistes\/\" \/>\n<meta property=\"og:locale\" content=\"en_US\" \/>\n<meta property=\"og:type\" content=\"article\" \/>\n<meta property=\"og:title\" content=\"Formulaires-t\u00e9l\u00e9phonistes - CyberPerformance\" \/>\n<meta property=\"og:description\" content=\"Demandes_CourrielsSoci\u00e9t\u00e9*Pr&eacute;nomNom*T&eacute;l&eacute;phonePortable ?Num&eacute;ro de cellulaire de la personne ressourceE-mail* ?Double v&eacute;rifiez avec l&#x27;alphabet international svpSite WebCommentaire de l&#x27;agent T&eacute;l&eacute;-Prospecteur ?Les prospects ne verront pas votre commentaire. Note interne seulement\" \/>\n<meta property=\"og:url\" content=\"https:\/\/cyberperformance.ca\/en\/formulaires-telephonistes\/\" \/>\n<meta property=\"og:site_name\" content=\"CyberPerformance\" \/>\n<meta property=\"article:modified_time\" content=\"2023-09-16T17:55:30+00:00\" \/>\n<meta property=\"og:image\" content=\"https:\/\/cyberperformance.ca\/wp-content\/uploads\/2025\/05\/Logo_noir_CyberPerformance-fond-blanc.jpg\" \/>\n\t<meta property=\"og:image:width\" content=\"1920\" \/>\n\t<meta property=\"og:image:height\" content=\"300\" \/>\n\t<meta property=\"og:image:type\" content=\"image\/jpeg\" \/>\n<meta name=\"twitter:card\" content=\"summary_large_image\" \/>\n<meta name=\"twitter:label1\" content=\"Est. reading time\" \/>\n\t<meta name=\"twitter:data1\" content=\"2 minutes\" \/>\n<script type=\"application\/ld+json\" class=\"yoast-schema-graph\">{\"@context\":\"https:\/\/schema.org\",\"@graph\":[{\"@type\":\"WebPage\",\"@id\":\"https:\/\/cyberperformance.ca\/formulaires-telephonistes\/\",\"url\":\"https:\/\/cyberperformance.ca\/formulaires-telephonistes\/\",\"name\":\"Formulaires-t\u00e9l\u00e9phonistes - CyberPerformance\",\"isPartOf\":{\"@id\":\"https:\/\/cyberperformance.ca\/#website\"},\"datePublished\":\"2023-09-14T13:07:56+00:00\",\"dateModified\":\"2023-09-16T17:55:30+00:00\",\"breadcrumb\":{\"@id\":\"https:\/\/cyberperformance.ca\/formulaires-telephonistes\/#breadcrumb\"},\"inLanguage\":\"en-CA\",\"potentialAction\":[{\"@type\":\"ReadAction\",\"target\":[\"https:\/\/cyberperformance.ca\/formulaires-telephonistes\/\"]}]},{\"@type\":\"BreadcrumbList\",\"@id\":\"https:\/\/cyberperformance.ca\/formulaires-telephonistes\/#breadcrumb\",\"itemListElement\":[{\"@type\":\"ListItem\",\"position\":1,\"name\":\"Accueil\",\"item\":\"https:\/\/cyberperformance.ca\/\"},{\"@type\":\"ListItem\",\"position\":2,\"name\":\"Formulaires-t\u00e9l\u00e9phonistes\"}]},{\"@type\":\"WebSite\",\"@id\":\"https:\/\/cyberperformance.ca\/#website\",\"url\":\"https:\/\/cyberperformance.ca\/\",\"name\":\"CyberPerformance\",\"description\":\"Agence Web num\u00e9rique\",\"publisher\":{\"@id\":\"https:\/\/cyberperformance.ca\/#organization\"},\"potentialAction\":[{\"@type\":\"SearchAction\",\"target\":{\"@type\":\"EntryPoint\",\"urlTemplate\":\"https:\/\/cyberperformance.ca\/?s={search_term_string}\"},\"query-input\":{\"@type\":\"PropertyValueSpecification\",\"valueRequired\":true,\"valueName\":\"search_term_string\"}}],\"inLanguage\":\"en-CA\"},{\"@type\":\"Organization\",\"@id\":\"https:\/\/cyberperformance.ca\/#organization\",\"name\":\"CyberPerformance\",\"url\":\"https:\/\/cyberperformance.ca\/\",\"logo\":{\"@type\":\"ImageObject\",\"inLanguage\":\"en-CA\",\"@id\":\"https:\/\/cyberperformance.ca\/#\/schema\/logo\/image\/\",\"url\":\"https:\/\/cyberperformance.ca\/wp-content\/uploads\/2022\/04\/cropped-CP.png\",\"contentUrl\":\"https:\/\/cyberperformance.ca\/wp-content\/uploads\/2022\/04\/cropped-CP.png\",\"width\":400,\"height\":400,\"caption\":\"CyberPerformance\"},\"image\":{\"@id\":\"https:\/\/cyberperformance.ca\/#\/schema\/logo\/image\/\"}}]}<\/script>\n<!-- \/ Yoast SEO plugin. -->","yoast_head_json":{"title":"Formulaires-t\u00e9l\u00e9phonistes - CyberPerformance","robots":{"index":"index","follow":"follow","max-snippet":"max-snippet:-1","max-image-preview":"max-image-preview:large","max-video-preview":"max-video-preview:-1"},"canonical":"https:\/\/cyberperformance.ca\/en\/formulaires-telephonistes\/","og_locale":"en_US","og_type":"article","og_title":"Formulaires-t\u00e9l\u00e9phonistes - CyberPerformance","og_description":"Demandes_CourrielsSoci\u00e9t\u00e9*Pr&eacute;nomNom*T&eacute;l&eacute;phonePortable ?Num&eacute;ro de cellulaire de la personne ressourceE-mail* ?Double v&eacute;rifiez avec l&#x27;alphabet international svpSite WebCommentaire de l&#x27;agent T&eacute;l&eacute;-Prospecteur ?Les prospects ne verront pas votre commentaire. Note interne seulement","og_url":"https:\/\/cyberperformance.ca\/en\/formulaires-telephonistes\/","og_site_name":"CyberPerformance","article_modified_time":"2023-09-16T17:55:30+00:00","og_image":[{"width":1920,"height":300,"url":"https:\/\/cyberperformance.ca\/wp-content\/uploads\/2025\/05\/Logo_noir_CyberPerformance-fond-blanc.jpg","type":"image\/jpeg"}],"twitter_card":"summary_large_image","twitter_misc":{"Est. reading time":"2 minutes"},"schema":{"@context":"https:\/\/schema.org","@graph":[{"@type":"WebPage","@id":"https:\/\/cyberperformance.ca\/formulaires-telephonistes\/","url":"https:\/\/cyberperformance.ca\/formulaires-telephonistes\/","name":"Formulaires-t\u00e9l\u00e9phonistes - CyberPerformance","isPartOf":{"@id":"https:\/\/cyberperformance.ca\/#website"},"datePublished":"2023-09-14T13:07:56+00:00","dateModified":"2023-09-16T17:55:30+00:00","breadcrumb":{"@id":"https:\/\/cyberperformance.ca\/formulaires-telephonistes\/#breadcrumb"},"inLanguage":"en-CA","potentialAction":[{"@type":"ReadAction","target":["https:\/\/cyberperformance.ca\/formulaires-telephonistes\/"]}]},{"@type":"BreadcrumbList","@id":"https:\/\/cyberperformance.ca\/formulaires-telephonistes\/#breadcrumb","itemListElement":[{"@type":"ListItem","position":1,"name":"Accueil","item":"https:\/\/cyberperformance.ca\/"},{"@type":"ListItem","position":2,"name":"Formulaires-t\u00e9l\u00e9phonistes"}]},{"@type":"WebSite","@id":"https:\/\/cyberperformance.ca\/#website","url":"https:\/\/cyberperformance.ca\/","name":"CyberPerformance","description":"Agence Web num\u00e9rique","publisher":{"@id":"https:\/\/cyberperformance.ca\/#organization"},"potentialAction":[{"@type":"SearchAction","target":{"@type":"EntryPoint","urlTemplate":"https:\/\/cyberperformance.ca\/?s={search_term_string}"},"query-input":{"@type":"PropertyValueSpecification","valueRequired":true,"valueName":"search_term_string"}}],"inLanguage":"en-CA"},{"@type":"Organization","@id":"https:\/\/cyberperformance.ca\/#organization","name":"CyberPerformance","url":"https:\/\/cyberperformance.ca\/","logo":{"@type":"ImageObject","inLanguage":"en-CA","@id":"https:\/\/cyberperformance.ca\/#\/schema\/logo\/image\/","url":"https:\/\/cyberperformance.ca\/wp-content\/uploads\/2022\/04\/cropped-CP.png","contentUrl":"https:\/\/cyberperformance.ca\/wp-content\/uploads\/2022\/04\/cropped-CP.png","width":400,"height":400,"caption":"CyberPerformance"},"image":{"@id":"https:\/\/cyberperformance.ca\/#\/schema\/logo\/image\/"}}]}},"_links":{"self":[{"href":"https:\/\/cyberperformance.ca\/en\/wp-json\/wp\/v2\/pages\/4280","targetHints":{"allow":["GET"]}}],"collection":[{"href":"https:\/\/cyberperformance.ca\/en\/wp-json\/wp\/v2\/pages"}],"about":[{"href":"https:\/\/cyberperformance.ca\/en\/wp-json\/wp\/v2\/types\/page"}],"author":[{"embeddable":true,"href":"https:\/\/cyberperformance.ca\/en\/wp-json\/wp\/v2\/users\/1"}],"replies":[{"embeddable":true,"href":"https:\/\/cyberperformance.ca\/en\/wp-json\/wp\/v2\/comments?post=4280"}],"version-history":[{"count":11,"href":"https:\/\/cyberperformance.ca\/en\/wp-json\/wp\/v2\/pages\/4280\/revisions"}],"predecessor-version":[{"id":4292,"href":"https:\/\/cyberperformance.ca\/en\/wp-json\/wp\/v2\/pages\/4280\/revisions\/4292"}],"wp:attachment":[{"href":"https:\/\/cyberperformance.ca\/en\/wp-json\/wp\/v2\/media?parent=4280"}],"curies":[{"name":"wp","href":"https:\/\/api.w.org\/{rel}","templated":true}]}}