{"id":4737,"date":"2025-01-25T20:53:14","date_gmt":"2025-01-25T20:53:14","guid":{"rendered":"https:\/\/cyberperformance.ca\/?page_id=4737"},"modified":"2025-07-19T01:51:13","modified_gmt":"2025-07-19T05:51:13","slug":"comment-creer-un-produit-dans-magento-2-et-adobe-commerce","status":"publish","type":"page","link":"https:\/\/cyberperformance.ca\/en\/comment-creer-un-produit-dans-magento-2-et-adobe-commerce\/","title":{"rendered":"Comment Cr\u00e9er un Produit dans Magento 2 et Adobe Commerce"},"content":{"rendered":"<div data-elementor-type=\"wp-page\" data-elementor-id=\"4737\" class=\"elementor elementor-4737\" data-elementor-post-type=\"page\">\n\t\t\t\t\t\t<section class=\"elementor-section elementor-top-section elementor-element elementor-element-894ef44 elementor-section-boxed elementor-section-height-default elementor-section-height-default\" data-id=\"894ef44\" data-element_type=\"section\">\n\t\t\t\t\t\t<div class=\"elementor-container elementor-column-gap-default\">\n\t\t\t\t\t<div class=\"elementor-column elementor-col-100 elementor-top-column elementor-element elementor-element-07e47cb\" data-id=\"07e47cb\" data-element_type=\"column\">\n\t\t\t<div class=\"elementor-widget-wrap elementor-element-populated\">\n\t\t\t\t\t\t<div class=\"elementor-element elementor-element-4b247ac elementor-widget elementor-widget-heading\" data-id=\"4b247ac\" data-element_type=\"widget\" data-widget_type=\"heading.default\">\n\t\t\t\t<div class=\"elementor-widget-container\">\n\t\t\t\t\t<h1 class=\"elementor-heading-title elementor-size-default\">Comment Cr\u00e9er un produit dans Magento 2 et Adobe Commerce<\/h1>\t\t\t\t<\/div>\n\t\t\t\t<\/div>\n\t\t\t\t<div class=\"elementor-element elementor-element-c17a8fd elementor-widget elementor-widget-video\" data-id=\"c17a8fd\" data-element_type=\"widget\" data-settings=\"{&quot;youtube_url&quot;:&quot;https:\\\/\\\/youtu.be\\\/tGE_v1HTV1M&quot;,&quot;video_type&quot;:&quot;youtube&quot;,&quot;controls&quot;:&quot;yes&quot;}\" data-widget_type=\"video.default\">\n\t\t\t\t<div class=\"elementor-widget-container\">\n\t\t\t\t\t\t\t<div class=\"elementor-wrapper elementor-open-inline\">\n\t\t\t<div class=\"elementor-video\"><\/div>\t\t<\/div>\n\t\t\t\t\t\t<\/div>\n\t\t\t\t<\/div>\n\t\t\t\t<div class=\"elementor-element elementor-element-644f06a elementor-widget elementor-widget-html\" data-id=\"644f06a\" data-element_type=\"widget\" data-widget_type=\"html.default\">\n\t\t\t\t<div class=\"elementor-widget-container\">\n\t\t\t\t\t<script type=\"application\/ld+json\">\r\n{\r\n  \"@context\": \"https:\/\/schema.org\",\r\n  \"@type\": \"VideoObject\",\r\n  \"name\": \"Cr\u00e9er un produit dans Magento 2 et Adobe Commerce - Tutoriel complet\",\r\n  \"description\": \"Apprenez \u00e9tape par \u00e9tape comment cr\u00e9er un produit dans Magento 2 et Adobe Commerce. Ce guide vid\u00e9o vous explique comment configurer un produit simple, ajouter des images, d\u00e9finir les attributs, optimiser le SEO et bien plus encore.\",\r\n  \"thumbnailUrl\": \"https:\/\/cyberperformance.ca\/wp-content\/uploads\/2025\/07\/Comment-Creer-un-produit-dans-Magento-2-et-Adobe-Commerce.png\",\r\n  \"uploadDate\": \"2025-07-19\",\r\n  \"duration\": \"PT12M30S\",\r\n  \"publisher\": {\r\n    \"@type\": \"Organization\",\r\n    \"name\": \"CyberPerformance\",\r\n    \"logo\": {\r\n      \"@type\": \"ImageObject\",\r\n      \"url\": \"https:\/\/cyberperformance.ca\/wp-content\/uploads\/2021\/07\/CyberPerformance_noir01.png\"\r\n    }\r\n  },\r\n  \"contentUrl\": \"https:\/\/cyberperformance.ca\/comment-creer-un-produit-dans-magento-2-et-adobe-commerce\/\",\r\n  \"embedUrl\": \"https:\/\/youtu.be\/tGE_v1HTV1M?si=NMHpTo9-WMMK75WR\",\r\n  \"interactionStatistic\": {\r\n    \"@type\": \"InteractionCounter\",\r\n    \"interactionType\": { \"@type\": \"WatchAction\" },\r\n    \"userInteractionCount\": 24\r\n  },\r\n  \"transcript\": \"Dans cette vid\u00e9o, nous allons voir comment cr\u00e9er un produit simple dans Magento 2. Tout commence par l\u2019acc\u00e8s \u00e0 l\u2019administration...\"\r\n}\r\n<\/script>\r\n\t\t\t\t<\/div>\n\t\t\t\t<\/div>\n\t\t\t\t<div class=\"elementor-element elementor-element-533835b elementor-widget elementor-widget-text-editor\" data-id=\"533835b\" data-element_type=\"widget\" data-widget_type=\"text-editor.default\">\n\t\t\t\t<div class=\"elementor-widget-container\">\n\t\t\t\t\t\t\t\t\t<p class=\"western\" align=\"left\">Magento 2 est une plateforme puissante et flexible pour la gestion de boutiques en ligne. Cr\u00e9er des produits sur cette plateforme peut sembler complexe au premier abord, mais en suivant les \u00e9tapes d\u00e9crites dans ce guide, vous serez en mesure de configurer vos produits avec pr\u00e9cision et efficacit\u00e9.<\/p><h3 class=\"western\" align=\"left\">1. Acc\u00e9der \u00e0 l&#8217;Administration de Magento 2<\/h3><p class=\"western\" align=\"left\">Pour cr\u00e9er un produit, connectez-vous d&#8217;abord \u00e0 l&#8217;interface d&#8217;administration de Magento 2. Une fois connect\u00e9, suivez ce chemin :<\/p><ul><li><p class=\"western\" align=\"left\"><strong>Catalogue<\/strong> &gt; <strong>Produits<\/strong>.<\/p><\/li><li><p class=\"western\" align=\"left\">Faite un clic gauche sur <strong>Ajouter un Produit<\/strong> dans le haut \u00e0 droite.<\/p><\/li><li>\u00a0<\/li><\/ul><h3 class=\"western\" align=\"left\">2. Choisir le Type de Produit<\/h3><p class=\"western\" align=\"left\">Magento 2 propose diff\u00e9rents types de produits :<\/p><ul><li><p class=\"western\" align=\"left\"><strong>Produit Simple<\/strong> : un article unique sans variations.<\/p><\/li><li><p class=\"western\" align=\"left\"><strong>Produit Configurable<\/strong> : un produit avec des options (exemple : tailles, couleurs).<\/p><\/li><li><p class=\"western\" align=\"left\"><strong>Produit Group\u00e9<\/strong> : un ensemble de produits simples vendus ensemble.<\/p><\/li><li><p class=\"western\" align=\"left\"><strong>Produit Virtuel<\/strong> : un produit immat\u00e9riel ou un service.<\/p><\/li><li><p class=\"western\" align=\"left\"><strong>Produit T\u00e9l\u00e9chargeable<\/strong> : logiciel, e-book, etc.<\/p><\/li><li><p class=\"western\" align=\"left\"><strong>Produit Empaquet\u00e9<\/strong> : une combinaison de produits simples assembl\u00e9s par le client.<\/p><\/li><\/ul><p class=\"western\" align=\"left\">Pour ce guide, nous prendrons comme exemple la cr\u00e9ation d&#8217;un produit simple.<\/p><h3 class=\"western\" align=\"left\">3. Remplir les Informations de Base<\/h3><p class=\"western\" align=\"left\">Vous serez dirig\u00e9 vers une page avec plusieurs onglets. Voici les \u00e9tapes pour remplir les informations essentielles :<\/p><p>a. <strong><b>Informations de Base<\/b><\/strong><\/p><ol><li><p class=\"western\" align=\"left\"><strong>Nom du Produit<\/strong> : Donnez un nom explicite \u00e0 votre produit.<\/p><\/li><li><p class=\"western\" align=\"left\"><strong>Type de Produit<\/strong> : Choisir l\u2019option &#8220;Produit Simple&#8221;.<\/p><\/li><li><p class=\"western\" align=\"left\"><strong>Statut<\/strong> : Activez ou d\u00e9sactivez le produit (visible ou non sur la boutique).<\/p><\/li><li><p class=\"western\" align=\"left\"><strong>Visibilit\u00e9<\/strong> :<\/p><ul><li><p class=\"western\" align=\"left\">&#8220;Catalog et Recherche&#8221; pour le rendre trouvable partout.<\/p><\/li><li><p class=\"western\" align=\"left\">&#8220;Recherche&#8221; ou &#8220;Catalogue&#8221; pour des cas plus sp\u00e9cifiques.<\/p><\/li><\/ul><\/li><\/ol><p>b. <strong><b>Prix<\/b><\/strong><\/p><ul><li><p class=\"western\" align=\"left\">Indiquez le prix de base.<\/p><\/li><li><p class=\"western\" align=\"left\">Vous pouvez aussi d\u00e9finir un prix promotionnel, avec une p\u00e9riode de validit\u00e9 (facultatif).<\/p><\/li><li>\u00a0<\/li><\/ul><p>c. <strong><b>Quantit\u00e9 et Gestion des Stocks<\/b><\/strong><\/p><ul><li><p class=\"western\" align=\"left\"><strong>Quantit\u00e9<\/strong> : Inscrire votre inventaire actuel<\/p><\/li><li><p class=\"western\" align=\"left\"><strong>Gestion des Stocks<\/strong> : Activez ou d\u00e9sactivez la gestion des stocks selon vos besoins.<\/p><\/li><li>\u00a0<\/li><\/ul><p>d. <strong><b>Cat\u00e9gories<\/b><\/strong><\/p><ul><li><p class=\"western\" align=\"left\">Associez le produit \u00e0 une ou plusieurs cat\u00e9gories pour faciliter la navigation des utilisateurs.<\/p><\/li><li><p class=\"western\" align=\"left\">Cr\u00e9ez une nouvelle cat\u00e9gorie si n\u00e9cessaire.<\/p><\/li><li>\u00a0<\/li><\/ul><h3 class=\"western\" align=\"left\">4. Ajouter les Images et les Vid\u00e9os<\/h3><p class=\"western\" align=\"left\">Dans l\u2019onglet &#8220;Images et Vid\u00e9os&#8221;, importez des images de haute qualit\u00e9. Voici quelques conseils :<\/p><ol><li>Prioriser des photos avec des r\u00e9solutions inf\u00e9rieures \u00e0 2000 px pour favoriser le chargement rapide des photos et prioriser le format JPEG ou PNG.<\/li><li>Ajoutez plusieurs angles du produit.<\/li><li>Veillez \u00e0 une r\u00e9solution \u00e9lev\u00e9e pour des images nettes.<\/li><li>Si disponible, incluez une vid\u00e9o pour pr\u00e9senter le produit.<\/li><li>\u00a0<\/li><\/ol><h3 class=\"western\" align=\"left\">5. Configurer les Attributs du Produit<\/h3><p class=\"western\" align=\"left\">Les attributs permettent de d\u00e9tailler les caract\u00e9ristiques du produit (exemple : couleur, mati\u00e8re). Magento 2 offre des attributs par d\u00e9faut, mais vous pouvez en cr\u00e9er de nouveaux :<\/p><ol><li class=\"western\">a. <strong><b>Utiliser des Attributs Existant<\/b><\/strong><\/li><li class=\"western\">Exemple : Couleur, Taille.<\/li><li>Assurez-vous qu\u2019ils sont bien renseign\u00e9s pour chaque produit.<p>b. <strong><b>Cr\u00e9er de Nouveaux Attributs<\/b><\/strong><\/p><\/li><li><p class=\"western\" align=\"left\">Dans l\u2019onglet <strong>Attributs<\/strong>, cliquez sur <strong>G\u00e9rer les Attributs<\/strong>.<\/p><\/li><li><p class=\"western\" align=\"left\">Cr\u00e9ez un nouvel attribut en sp\u00e9cifiant son type (menu d\u00e9roulant, case \u00e0 cocher, etc.).<\/p><\/li><li><p class=\"western\" align=\"left\">Assurez-vous que cet attribut est assign\u00e9 \u00e0 un &#8220;groupe d\u2019attributs&#8221; pour qu\u2019il apparaisse lors de la cr\u00e9ation de nouveaux produits.<\/p><\/li><\/ol><h3 class=\"western\" align=\"left\">6. Ajouter une Description<\/h3><p class=\"western\" align=\"left\">L\u2019onglet &#8220;Contenu&#8221; vous permet d\u2019ajouter :<\/p><ol><li><strong>Description Courte<\/strong> : Un r\u00e9sum\u00e9 pour donner une vue d\u2019ensemble.<\/li><li><strong>Description D\u00e9taill\u00e9e<\/strong> : Des informations compl\u00e8tes pour convaincre l\u2019acheteur (caract\u00e9ristiques techniques, utilisations, avantages).<\/li><\/ol><h3 class=\"western\" align=\"left\">7. Configurer les Param\u00e8tres de Recherche<\/h3><p class=\"western\" align=\"left\">Dans l\u2019onglet &#8220;Param\u00e8tres de Recherche&#8221;, optimisez la visibilit\u00e9 de votre produit dans les r\u00e9sultats de recherche :<\/p><ol><li><p class=\"western\" align=\"left\"><strong>Mots-Cl\u00e9s Meta<\/strong> : Ajoutez des mots-cl\u00e9s pertinents.<\/p><\/li><li><p class=\"western\" align=\"left\"><strong>Description Meta<\/strong> : Fournissez une description courte et attrayante pour les moteurs de recherche.<\/p><\/li><li><p class=\"western\" align=\"left\"><strong>Titre Meta<\/strong> : Choisissez un titre engageant.<\/p><\/li><\/ol><h3 class=\"western\" align=\"left\">8. Configurer les Options de Livraison<\/h3><p class=\"western\" align=\"left\">Indiquez les d\u00e9tails li\u00e9s \u00e0 l\u2019exp\u00e9dition :<\/p><ol><li><p class=\"western\" align=\"left\"><strong>Poids<\/strong> : Obligatoire pour calculer les frais d\u2019exp\u00e9dition.<\/p><\/li><li><p class=\"western\" align=\"left\"><strong>Dimensions<\/strong> : Longueur, largeur, hauteur (si pertinent).<\/p><\/li><\/ol><h3 class=\"western\" align=\"left\">9. Configurer les Produits Li\u00e9s<\/h3><p class=\"western\" align=\"left\">Boostez vos ventes en ajoutant :<\/p><ol><li><p class=\"western\" align=\"left\"><strong>Produits Associ\u00e9s<\/strong> : Suggestions compl\u00e9mentaires sur la page du produit.<\/p><\/li><li><p class=\"western\" align=\"left\"><strong>Ventes Incitatives<\/strong> : Produits de meilleure gamme sugg\u00e9r\u00e9s.<\/p><\/li><li><p class=\"western\" align=\"left\"><strong>Produits Crois\u00e9s<\/strong> : Articles recommand\u00e9s lors du passage en caisse.<\/p><\/li><\/ol><h3 class=\"western\" align=\"left\">10. Sauvegarder et Publier<\/h3><p class=\"western\" align=\"left\">Apr\u00e8s avoir rempli toutes les informations, cliquez sur <strong>Enregistrer<\/strong>. Vous pouvez pr\u00e9visualiser le produit avant de le publier pour v\u00e9rifier l\u2019affichage final.<\/p><h3 class=\"western\" align=\"left\">Conseils Suppl\u00e9mentaires<\/h3><ol><li class=\"western\">a. <strong><b>Utilisation des Templates<\/b><\/strong><\/li><li class=\"western\">Si vous cr\u00e9ez souvent des produits similaires, envisagez d\u2019utiliser des mod\u00e8les pour gagner du temps.<\/li><li>\u00a0<\/li><li class=\"western\">b. <strong><b>Gestion des URL<\/b><\/strong><\/li><li class=\"western\">V\u00e9rifiez que l\u2019URL du produit est optimis\u00e9e pour le SEO.<\/li><li>\u00a0<\/li><li class=\"western\">c. <strong><b>Testez Avant Publication<\/b><\/strong><\/li><li class=\"western\">Effectuez des tests pour vous assurer que les attributs, les images, et les options fonctionnent correctement.<\/li><\/ol><h3 class=\"western\" align=\"left\">Conclusion<\/h3><p class=\"western\" align=\"left\">Cr\u00e9er un produit dans Magento 2 peut sembler complexe, mais une fois que vous ma\u00eetrisez le processus, vous gagnerez en efficacit\u00e9 et pourrez configurer vos produits avec pr\u00e9cision. Ce guide couvre tous les aspects essentiels, mais n\u2019h\u00e9sitez pas \u00e0 explorer les fonctionnalit\u00e9s avanc\u00e9es de Magento 2 pour maximiser vos opportunit\u00e9s de vente. Bonne cr\u00e9ation !<\/p>\t\t\t\t\t\t\t\t<\/div>\n\t\t\t\t<\/div>\n\t\t\t\t\t<\/div>\n\t\t<\/div>\n\t\t\t\t\t<\/div>\n\t\t<\/section>\n\t\t\t\t<\/div>","protected":false},"excerpt":{"rendered":"<p>Comment Cr\u00e9er un produit dans Magento 2 et Adobe Commerce Magento 2 est une plateforme puissante et flexible pour la gestion de boutiques en ligne. Cr\u00e9er des produits sur cette plateforme peut sembler complexe au premier abord, mais en suivant les \u00e9tapes d\u00e9crites dans ce guide, vous serez en mesure de configurer vos produits avec [&hellip;]<\/p>","protected":false},"author":1,"featured_media":0,"parent":0,"menu_order":0,"comment_status":"closed","ping_status":"closed","template":"elementor_header_footer","meta":{"footnotes":""},"class_list":["post-4737","page","type-page","status-publish","hentry"],"yoast_head":"<!-- This site is optimized with the Yoast SEO plugin v25.5 - https:\/\/yoast.com\/wordpress\/plugins\/seo\/ -->\n<title>Comment Cr\u00e9er un Produit dans Magento 2 et Adobe Commerce - CyberPerformance<\/title>\n<meta name=\"robots\" content=\"index, follow, max-snippet:-1, max-image-preview:large, max-video-preview:-1\" \/>\n<link rel=\"canonical\" href=\"https:\/\/cyberperformance.ca\/en\/comment-creer-un-produit-dans-magento-2-et-adobe-commerce\/\" \/>\n<meta property=\"og:locale\" content=\"en_US\" \/>\n<meta property=\"og:type\" content=\"article\" \/>\n<meta property=\"og:title\" content=\"Comment Cr\u00e9er un Produit dans Magento 2 et Adobe Commerce - CyberPerformance\" \/>\n<meta property=\"og:description\" content=\"Comment Cr\u00e9er un produit dans Magento 2 et Adobe Commerce Magento 2 est une plateforme puissante et flexible pour la gestion de boutiques en ligne. Cr\u00e9er des produits sur cette plateforme peut sembler complexe au premier abord, mais en suivant les \u00e9tapes d\u00e9crites dans ce guide, vous serez en mesure de configurer vos produits avec [&hellip;]\" \/>\n<meta property=\"og:url\" content=\"https:\/\/cyberperformance.ca\/en\/comment-creer-un-produit-dans-magento-2-et-adobe-commerce\/\" \/>\n<meta property=\"og:site_name\" content=\"CyberPerformance\" \/>\n<meta property=\"article:modified_time\" content=\"2025-07-19T05:51:13+00:00\" \/>\n<meta property=\"og:image\" content=\"https:\/\/cyberperformance.ca\/wp-content\/uploads\/2025\/05\/Logo_noir_CyberPerformance-fond-blanc.jpg\" \/>\n\t<meta property=\"og:image:width\" content=\"1920\" \/>\n\t<meta property=\"og:image:height\" content=\"300\" \/>\n\t<meta property=\"og:image:type\" content=\"image\/jpeg\" \/>\n<meta name=\"twitter:card\" content=\"summary_large_image\" \/>\n<meta name=\"twitter:label1\" content=\"Est. reading time\" \/>\n\t<meta name=\"twitter:data1\" content=\"4 minutes\" \/>\n<script type=\"application\/ld+json\" class=\"yoast-schema-graph\">{\"@context\":\"https:\/\/schema.org\",\"@graph\":[{\"@type\":\"WebPage\",\"@id\":\"https:\/\/cyberperformance.ca\/comment-creer-un-produit-dans-magento-2-et-adobe-commerce\/\",\"url\":\"https:\/\/cyberperformance.ca\/comment-creer-un-produit-dans-magento-2-et-adobe-commerce\/\",\"name\":\"Comment Cr\u00e9er un Produit dans Magento 2 et Adobe Commerce - CyberPerformance\",\"isPartOf\":{\"@id\":\"https:\/\/cyberperformance.ca\/#website\"},\"datePublished\":\"2025-01-25T20:53:14+00:00\",\"dateModified\":\"2025-07-19T05:51:13+00:00\",\"breadcrumb\":{\"@id\":\"https:\/\/cyberperformance.ca\/comment-creer-un-produit-dans-magento-2-et-adobe-commerce\/#breadcrumb\"},\"inLanguage\":\"en-CA\",\"potentialAction\":[{\"@type\":\"ReadAction\",\"target\":[\"https:\/\/cyberperformance.ca\/comment-creer-un-produit-dans-magento-2-et-adobe-commerce\/\"]}]},{\"@type\":\"BreadcrumbList\",\"@id\":\"https:\/\/cyberperformance.ca\/comment-creer-un-produit-dans-magento-2-et-adobe-commerce\/#breadcrumb\",\"itemListElement\":[{\"@type\":\"ListItem\",\"position\":1,\"name\":\"Accueil\",\"item\":\"https:\/\/cyberperformance.ca\/\"},{\"@type\":\"ListItem\",\"position\":2,\"name\":\"Comment Cr\u00e9er un Produit dans Magento 2 et Adobe Commerce\"}]},{\"@type\":\"WebSite\",\"@id\":\"https:\/\/cyberperformance.ca\/#website\",\"url\":\"https:\/\/cyberperformance.ca\/\",\"name\":\"CyberPerformance\",\"description\":\"Agence Web num\u00e9rique\",\"publisher\":{\"@id\":\"https:\/\/cyberperformance.ca\/#organization\"},\"potentialAction\":[{\"@type\":\"SearchAction\",\"target\":{\"@type\":\"EntryPoint\",\"urlTemplate\":\"https:\/\/cyberperformance.ca\/?s={search_term_string}\"},\"query-input\":{\"@type\":\"PropertyValueSpecification\",\"valueRequired\":true,\"valueName\":\"search_term_string\"}}],\"inLanguage\":\"en-CA\"},{\"@type\":\"Organization\",\"@id\":\"https:\/\/cyberperformance.ca\/#organization\",\"name\":\"CyberPerformance\",\"url\":\"https:\/\/cyberperformance.ca\/\",\"logo\":{\"@type\":\"ImageObject\",\"inLanguage\":\"en-CA\",\"@id\":\"https:\/\/cyberperformance.ca\/#\/schema\/logo\/image\/\",\"url\":\"https:\/\/cyberperformance.ca\/wp-content\/uploads\/2022\/04\/cropped-CP.png\",\"contentUrl\":\"https:\/\/cyberperformance.ca\/wp-content\/uploads\/2022\/04\/cropped-CP.png\",\"width\":400,\"height\":400,\"caption\":\"CyberPerformance\"},\"image\":{\"@id\":\"https:\/\/cyberperformance.ca\/#\/schema\/logo\/image\/\"}}]}<\/script>\n<!-- \/ Yoast SEO plugin. -->","yoast_head_json":{"title":"Comment Cr\u00e9er un Produit dans Magento 2 et Adobe Commerce - CyberPerformance","robots":{"index":"index","follow":"follow","max-snippet":"max-snippet:-1","max-image-preview":"max-image-preview:large","max-video-preview":"max-video-preview:-1"},"canonical":"https:\/\/cyberperformance.ca\/en\/comment-creer-un-produit-dans-magento-2-et-adobe-commerce\/","og_locale":"en_US","og_type":"article","og_title":"Comment Cr\u00e9er un Produit dans Magento 2 et Adobe Commerce - CyberPerformance","og_description":"Comment Cr\u00e9er un produit dans Magento 2 et Adobe Commerce Magento 2 est une plateforme puissante et flexible pour la gestion de boutiques en ligne. Cr\u00e9er des produits sur cette plateforme peut sembler complexe au premier abord, mais en suivant les \u00e9tapes d\u00e9crites dans ce guide, vous serez en mesure de configurer vos produits avec [&hellip;]","og_url":"https:\/\/cyberperformance.ca\/en\/comment-creer-un-produit-dans-magento-2-et-adobe-commerce\/","og_site_name":"CyberPerformance","article_modified_time":"2025-07-19T05:51:13+00:00","og_image":[{"width":1920,"height":300,"url":"https:\/\/cyberperformance.ca\/wp-content\/uploads\/2025\/05\/Logo_noir_CyberPerformance-fond-blanc.jpg","type":"image\/jpeg"}],"twitter_card":"summary_large_image","twitter_misc":{"Est. reading time":"4 minutes"},"schema":{"@context":"https:\/\/schema.org","@graph":[{"@type":"WebPage","@id":"https:\/\/cyberperformance.ca\/comment-creer-un-produit-dans-magento-2-et-adobe-commerce\/","url":"https:\/\/cyberperformance.ca\/comment-creer-un-produit-dans-magento-2-et-adobe-commerce\/","name":"Comment Cr\u00e9er un Produit dans Magento 2 et Adobe Commerce - CyberPerformance","isPartOf":{"@id":"https:\/\/cyberperformance.ca\/#website"},"datePublished":"2025-01-25T20:53:14+00:00","dateModified":"2025-07-19T05:51:13+00:00","breadcrumb":{"@id":"https:\/\/cyberperformance.ca\/comment-creer-un-produit-dans-magento-2-et-adobe-commerce\/#breadcrumb"},"inLanguage":"en-CA","potentialAction":[{"@type":"ReadAction","target":["https:\/\/cyberperformance.ca\/comment-creer-un-produit-dans-magento-2-et-adobe-commerce\/"]}]},{"@type":"BreadcrumbList","@id":"https:\/\/cyberperformance.ca\/comment-creer-un-produit-dans-magento-2-et-adobe-commerce\/#breadcrumb","itemListElement":[{"@type":"ListItem","position":1,"name":"Accueil","item":"https:\/\/cyberperformance.ca\/"},{"@type":"ListItem","position":2,"name":"Comment Cr\u00e9er un Produit dans Magento 2 et Adobe Commerce"}]},{"@type":"WebSite","@id":"https:\/\/cyberperformance.ca\/#website","url":"https:\/\/cyberperformance.ca\/","name":"CyberPerformance","description":"Agence Web num\u00e9rique","publisher":{"@id":"https:\/\/cyberperformance.ca\/#organization"},"potentialAction":[{"@type":"SearchAction","target":{"@type":"EntryPoint","urlTemplate":"https:\/\/cyberperformance.ca\/?s={search_term_string}"},"query-input":{"@type":"PropertyValueSpecification","valueRequired":true,"valueName":"search_term_string"}}],"inLanguage":"en-CA"},{"@type":"Organization","@id":"https:\/\/cyberperformance.ca\/#organization","name":"CyberPerformance","url":"https:\/\/cyberperformance.ca\/","logo":{"@type":"ImageObject","inLanguage":"en-CA","@id":"https:\/\/cyberperformance.ca\/#\/schema\/logo\/image\/","url":"https:\/\/cyberperformance.ca\/wp-content\/uploads\/2022\/04\/cropped-CP.png","contentUrl":"https:\/\/cyberperformance.ca\/wp-content\/uploads\/2022\/04\/cropped-CP.png","width":400,"height":400,"caption":"CyberPerformance"},"image":{"@id":"https:\/\/cyberperformance.ca\/#\/schema\/logo\/image\/"}}]}},"_links":{"self":[{"href":"https:\/\/cyberperformance.ca\/en\/wp-json\/wp\/v2\/pages\/4737","targetHints":{"allow":["GET"]}}],"collection":[{"href":"https:\/\/cyberperformance.ca\/en\/wp-json\/wp\/v2\/pages"}],"about":[{"href":"https:\/\/cyberperformance.ca\/en\/wp-json\/wp\/v2\/types\/page"}],"author":[{"embeddable":true,"href":"https:\/\/cyberperformance.ca\/en\/wp-json\/wp\/v2\/users\/1"}],"replies":[{"embeddable":true,"href":"https:\/\/cyberperformance.ca\/en\/wp-json\/wp\/v2\/comments?post=4737"}],"version-history":[{"count":22,"href":"https:\/\/cyberperformance.ca\/en\/wp-json\/wp\/v2\/pages\/4737\/revisions"}],"predecessor-version":[{"id":7943,"href":"https:\/\/cyberperformance.ca\/en\/wp-json\/wp\/v2\/pages\/4737\/revisions\/7943"}],"wp:attachment":[{"href":"https:\/\/cyberperformance.ca\/en\/wp-json\/wp\/v2\/media?parent=4737"}],"curies":[{"name":"wp","href":"https:\/\/api.w.org\/{rel}","templated":true}]}}