{"id":8870,"date":"2025-10-19T19:19:28","date_gmt":"2025-10-19T23:19:28","guid":{"rendered":"https:\/\/cyberperformance.ca\/?page_id=8870"},"modified":"2025-10-19T22:47:14","modified_gmt":"2025-10-20T02:47:14","slug":"formulaire2","status":"publish","type":"page","link":"https:\/\/cyberperformance.ca\/en\/formulaire2\/","title":{"rendered":"formulaire2"},"content":{"rendered":"<div data-elementor-type=\"wp-page\" data-elementor-id=\"8870\" class=\"elementor elementor-8870\" data-elementor-post-type=\"page\">\n\t\t\t\t\t\t<section class=\"elementor-section elementor-top-section elementor-element elementor-element-2c950e4 elementor-section-boxed elementor-section-height-default elementor-section-height-default\" data-id=\"2c950e4\" data-element_type=\"section\">\n\t\t\t\t\t\t<div class=\"elementor-container elementor-column-gap-default\">\n\t\t\t\t\t<div class=\"elementor-column elementor-col-100 elementor-top-column elementor-element elementor-element-fac87b3\" data-id=\"fac87b3\" data-element_type=\"column\">\n\t\t\t<div class=\"elementor-widget-wrap elementor-element-populated\">\n\t\t\t\t\t\t<div class=\"elementor-element elementor-element-3c8d362 elementor-widget elementor-widget-html\" data-id=\"3c8d362\" data-element_type=\"widget\" data-widget_type=\"html.default\">\n\t\t\t\t<div class=\"elementor-widget-container\">\n\t\t\t\t\t<!-- ===== Formulaire compact FormSubmit + reCAPTCHA v2 (FormSubmit _captcha d\u00e9sactiv\u00e9) ===== -->\r\n<div id=\"cpq-form\">\r\n  <style>\r\n    \/* Styles confin\u00e9s \u00e0 #cpq-form pour \u00e9viter tout impact sur la page *\/\r\n    #cpq-form { display:block; font:14px\/1.25 system-ui,-apple-system,Segoe UI,Roboto,Arial,sans-serif; }\r\n    #cpq-form .cpq-wrap { max-width:420px; margin:0 auto; }\r\n    #cpq-form .cpq-title { margin:0 0 10px; font-size:20px; font-weight:700; color:#0b2a4a; }\r\n    #cpq-form .cpq-card { background:#f7fbff; padding:14px; border:1px solid #d6e6f7; border-radius:10px; }\r\n    #cpq-form .cpq-row { display:flex; gap:8px; }\r\n    #cpq-form .cpq-col { flex:1; }\r\n    #cpq-form .cpq-label { display:block; font-size:12px; margin:6px 0 4px; color:#0b2a4a; }\r\n    #cpq-form .cpq-req::after { content:\" *\"; color:#c0392b; }\r\n    #cpq-form .cpq-input,\r\n    #cpq-form .cpq-select,\r\n    #cpq-form .cpq-textarea {\r\n      width:100%; padding:9px 10px; border:1px solid #c8d9ee; border-radius:8px;\r\n      background:#fff; color:#0b2a4a; box-sizing:border-box;\r\n    }\r\n    #cpq-form .cpq-input::placeholder,\r\n    #cpq-form .cpq-textarea::placeholder { color:#7a8aa0; opacity:.8; }\r\n    #cpq-form .cpq-textarea { min-height:72px; resize:vertical; }\r\n    #cpq-form .cpq-btns { display:flex; gap:8px; margin-top:10px; }\r\n    #cpq-form .cpq-btn { width:100%; padding:10px; border:1px solid transparent; border-radius:8px; cursor:pointer; }\r\n    #cpq-form .cpq-btn-primary { background:linear-gradient(#1790ff,#0f70d6); color:#fff; border-color:#0f70d6; font-weight:600; }\r\n    #cpq-form .cpq-btn-secondary { background:#eef3f9; color:#1e2a3a; border-color:#d6e6f7; }\r\n    #cpq-form .cpq-fine { margin-top:6px; font-size:11px; color:#51627a; }\r\n    #cpq-form .g-recaptcha { margin-top:8px; }\r\n    #cpq-form a { color:#0f70d6; }\r\n  <\/style>\r\n\r\n  <div class=\"cpq-wrap\">\r\n    <div class=\"cpq-title\">Demande de soumission<\/div>\r\n\r\n    <form class=\"cpq-card\" id=\"cpq-quoteForm\"\r\n          action=\"https:\/\/formsubmit.co\/antoine.cote@cyberperformance.ca\"\r\n          method=\"POST\" accept-charset=\"utf-8\" data-trp-original-action=\"https:\/\/formsubmit.co\/antoine.cote@cyberperformance.ca\">\r\n\r\n      <label class=\"cpq-label cpq-req\">Nom de l\u2019entreprise<\/label>\r\n      <input class=\"cpq-input\" type=\"text\" name=\"entreprise\" required placeholder=\"Nom de l\u2019entreprise\">\r\n\r\n      <div class=\"cpq-row\">\r\n        <div class=\"cpq-col\">\r\n          <label class=\"cpq-label cpq-req\">Pr\u00e9nom<\/label>\r\n          <input class=\"cpq-input\" type=\"text\" name=\"prenom\" required placeholder=\"Pr\u00e9nom\">\r\n        <\/div>\r\n        <div class=\"cpq-col\">\r\n          <label class=\"cpq-label cpq-req\">Nom<\/label>\r\n          <input class=\"cpq-input\" type=\"text\" name=\"nom\" required placeholder=\"Nom\">\r\n        <\/div>\r\n      <\/div>\r\n\r\n      <div class=\"cpq-row\">\r\n        <div class=\"cpq-col\">\r\n          <label class=\"cpq-label cpq-req\">T\u00e9l\u00e9phone<\/label>\r\n          <input class=\"cpq-input\" type=\"tel\" name=\"telephone\" required placeholder=\"418-555-1234\">\r\n        <\/div>\r\n        <div class=\"cpq-col\">\r\n          <label class=\"cpq-label\">Portable<\/label>\r\n          <input class=\"cpq-input\" type=\"tel\" name=\"portable\" placeholder=\"Portable (optionnel)\">\r\n        <\/div>\r\n      <\/div>\r\n\r\n      <label class=\"cpq-label\">Adresse compl\u00e8te<\/label>\r\n      <input class=\"cpq-input\" type=\"text\" name=\"adresse\" placeholder=\"Adresse compl\u00e8te\">\r\n\r\n      <label class=\"cpq-label cpq-req\">Service souhait\u00e9<\/label>\r\n      <select class=\"cpq-select\" name=\"service\" required>\r\n        <option value=\"\" selected disabled>Choisir un service<\/option>\r\n        <option>Optimisation SEO<\/option>\r\n        <option>Online advertising<\/option>\r\n        <option>Cr\u00e9ation d'un site web<\/option>\r\n        <option>Cr\u00e9ation d'un site web transactionnel<\/option>\r\n        <option>Optimisation SEO local (Google Maps)<\/option>\r\n        <option>Consultation Web<\/option>\r\n        <option>App sur mesure<\/option>\r\n        <option>Production Vid\u00e9o<\/option>\r\n        <option>Refonte de site web<\/option>\r\n        <option>Programmation API \/ Programmation<\/option>\r\n        <option>Programmation d\u2019intelligence artificielle (IA)<\/option>\r\n        <option>Consultation en intelligence artificielle (IA)<\/option>\r\n        <option>Autre<\/option>\r\n      <\/select>\r\n\r\n      <label class=\"cpq-label cpq-req\">Courriel<\/label>\r\n      <input class=\"cpq-input\" type=\"email\" name=\"email\" required placeholder=\"nom@entreprise.com\">\r\n\r\n      <label class=\"cpq-label\">Message<\/label>\r\n      <textarea class=\"cpq-textarea\" name=\"message\" placeholder=\"D\u00e9crivez votre besoin (optionnel)\"><\/textarea>\r\n\r\n      <!-- reCAPTCHA v2 (VISIBLE) \u2014 on garde ton widget -->\r\n      <div class=\"g-recaptcha\" data-sitekey=\"6LfyDfArAAAAAO6WTQfpxT8HEAm9seggIOmdOnOn\"><\/div>\r\n\r\n      <!-- Options FormSubmit -->\r\n      <input type=\"hidden\" name=\"_template\" value=\"table\">\r\n      <!-- Redirection apr\u00e8s envoi r\u00e9ussi -->\r\n      <input type=\"hidden\" name=\"_next\" value=\"https:\/\/cyberperformance.ca\">\r\n      <!-- Webhook n8n (production) -->\r\n      <input type=\"hidden\" name=\"_webhook\" value=\"https:\/\/n8n.cyberperformance.ca\/webhook\/81aec476-fe8d-4cb9-9eeb-6c84e82a4aec\">\r\n      <!-- D\u00e9sactive le reCAPTCHA propre \u00e0 FormSubmit -->\r\n      <input type=\"hidden\" name=\"_captcha\" value=\"false\">\r\n      <!-- Secret partag\u00e9 (\u00e0 valider c\u00f4t\u00e9 n8n pour s\u00e9curiser) -->\r\n      <input type=\"hidden\" name=\"_secret\" value=\"mettez-un-secret-long-unique-ici\">\r\n\r\n      <div class=\"cpq-btns\">\r\n        <button class=\"cpq-btn cpq-btn-primary\" type=\"submit\">Soumettre<\/button>\r\n        <button class=\"cpq-btn cpq-btn-secondary\" type=\"reset\">Re-param\u00e9trer<\/button>\r\n      <\/div>\r\n\r\n      <div class=\"cpq-fine\">\r\n        Ce site est prot\u00e9g\u00e9 par reCAPTCHA ; la\r\n        <a href=\"https:\/\/policies.google.com\/privacy\" target=\"_blank\" rel=\"noopener\">Privacy Policy<\/a>\r\n        et les <a href=\"https:\/\/policies.google.com\/terms\" target=\"_blank\" rel=\"noopener\">Conditions d\u2019utilisation<\/a> de Google s\u2019appliquent.\r\n      <\/div>\r\n    <input type=\"hidden\" name=\"trp-form-language\" value=\"en\"\/><\/form>\r\n  <\/div>\r\n\r\n  <!-- Script reCAPTCHA v2 (widget) -->\r\n  <script src=\"https:\/\/www.google.com\/recaptcha\/api.js\" async defer><\/script>\r\n<\/div>\r\n<!-- ===== \/Formulaire ===== -->\r\n\t\t\t\t<\/div>\n\t\t\t\t<\/div>\n\t\t\t\t\t<\/div>\n\t\t<\/div>\n\t\t\t\t\t<\/div>\n\t\t<\/section>\n\t\t\t\t<\/div>","protected":false},"excerpt":{"rendered":"<p>Demande de soumission Nom de l\u2019entreprise Pr\u00e9nom Nom T\u00e9l\u00e9phone Portable Adresse compl\u00e8te Service souhait\u00e9 Choisir un serviceOptimisation SEOPublicit\u00e9 en ligneCr\u00e9ation d&#8217;un site webCr\u00e9ation d&#8217;un site web transactionnelOptimisation SEO local (Google Maps)Consultation WebApp sur mesureProduction Vid\u00e9oRefonte de site webProgrammation API \/ ProgrammationProgrammation d\u2019intelligence artificielle (IA)Consultation en intelligence artificielle (IA)Autre Courriel Message Soumettre Re-param\u00e9trer Ce site est [&hellip;]<\/p>","protected":false},"author":1,"featured_media":0,"parent":0,"menu_order":0,"comment_status":"closed","ping_status":"closed","template":"","meta":{"footnotes":""},"class_list":["post-8870","page","type-page","status-publish","hentry"],"yoast_head":"<!-- This site is optimized with the Yoast SEO plugin v25.5 - https:\/\/yoast.com\/wordpress\/plugins\/seo\/ -->\n<title>formulaire2 - CyberPerformance<\/title>\n<meta name=\"robots\" content=\"index, follow, max-snippet:-1, max-image-preview:large, max-video-preview:-1\" \/>\n<link rel=\"canonical\" href=\"https:\/\/cyberperformance.ca\/en\/formulaire2\/\" \/>\n<meta property=\"og:locale\" content=\"en_US\" \/>\n<meta property=\"og:type\" content=\"article\" \/>\n<meta property=\"og:title\" content=\"formulaire2 - CyberPerformance\" \/>\n<meta property=\"og:description\" content=\"Demande de soumission Nom de l\u2019entreprise Pr\u00e9nom Nom T\u00e9l\u00e9phone Portable Adresse compl\u00e8te Service souhait\u00e9 Choisir un serviceOptimisation SEOPublicit\u00e9 en ligneCr\u00e9ation d&#8217;un site webCr\u00e9ation d&#8217;un site web transactionnelOptimisation SEO local (Google Maps)Consultation WebApp sur mesureProduction Vid\u00e9oRefonte de site webProgrammation API \/ ProgrammationProgrammation d\u2019intelligence artificielle (IA)Consultation en intelligence artificielle (IA)Autre Courriel Message Soumettre Re-param\u00e9trer Ce site est [&hellip;]\" \/>\n<meta property=\"og:url\" content=\"https:\/\/cyberperformance.ca\/en\/formulaire2\/\" \/>\n<meta property=\"og:site_name\" content=\"CyberPerformance\" \/>\n<meta property=\"article:modified_time\" content=\"2025-10-20T02:47:14+00:00\" \/>\n<meta property=\"og:image\" content=\"https:\/\/cyberperformance.ca\/wp-content\/uploads\/2025\/05\/Logo_noir_CyberPerformance-fond-blanc.jpg\" \/>\n\t<meta property=\"og:image:width\" content=\"1920\" \/>\n\t<meta property=\"og:image:height\" content=\"300\" \/>\n\t<meta property=\"og:image:type\" content=\"image\/jpeg\" \/>\n<meta name=\"twitter:card\" content=\"summary_large_image\" \/>\n<meta name=\"twitter:label1\" content=\"Est. reading time\" \/>\n\t<meta name=\"twitter:data1\" content=\"1 minute\" \/>\n<script type=\"application\/ld+json\" class=\"yoast-schema-graph\">{\"@context\":\"https:\/\/schema.org\",\"@graph\":[{\"@type\":\"WebPage\",\"@id\":\"https:\/\/cyberperformance.ca\/formulaire2\/\",\"url\":\"https:\/\/cyberperformance.ca\/formulaire2\/\",\"name\":\"formulaire2 - CyberPerformance\",\"isPartOf\":{\"@id\":\"https:\/\/cyberperformance.ca\/#website\"},\"datePublished\":\"2025-10-19T23:19:28+00:00\",\"dateModified\":\"2025-10-20T02:47:14+00:00\",\"breadcrumb\":{\"@id\":\"https:\/\/cyberperformance.ca\/formulaire2\/#breadcrumb\"},\"inLanguage\":\"en-CA\",\"potentialAction\":[{\"@type\":\"ReadAction\",\"target\":[\"https:\/\/cyberperformance.ca\/formulaire2\/\"]}]},{\"@type\":\"BreadcrumbList\",\"@id\":\"https:\/\/cyberperformance.ca\/formulaire2\/#breadcrumb\",\"itemListElement\":[{\"@type\":\"ListItem\",\"position\":1,\"name\":\"Accueil\",\"item\":\"https:\/\/cyberperformance.ca\/\"},{\"@type\":\"ListItem\",\"position\":2,\"name\":\"formulaire2\"}]},{\"@type\":\"WebSite\",\"@id\":\"https:\/\/cyberperformance.ca\/#website\",\"url\":\"https:\/\/cyberperformance.ca\/\",\"name\":\"CyberPerformance\",\"description\":\"Agence Web num\u00e9rique\",\"publisher\":{\"@id\":\"https:\/\/cyberperformance.ca\/#organization\"},\"potentialAction\":[{\"@type\":\"SearchAction\",\"target\":{\"@type\":\"EntryPoint\",\"urlTemplate\":\"https:\/\/cyberperformance.ca\/?s={search_term_string}\"},\"query-input\":{\"@type\":\"PropertyValueSpecification\",\"valueRequired\":true,\"valueName\":\"search_term_string\"}}],\"inLanguage\":\"en-CA\"},{\"@type\":\"Organization\",\"@id\":\"https:\/\/cyberperformance.ca\/#organization\",\"name\":\"CyberPerformance\",\"url\":\"https:\/\/cyberperformance.ca\/\",\"logo\":{\"@type\":\"ImageObject\",\"inLanguage\":\"en-CA\",\"@id\":\"https:\/\/cyberperformance.ca\/#\/schema\/logo\/image\/\",\"url\":\"https:\/\/cyberperformance.ca\/wp-content\/uploads\/2022\/04\/cropped-CP.png\",\"contentUrl\":\"https:\/\/cyberperformance.ca\/wp-content\/uploads\/2022\/04\/cropped-CP.png\",\"width\":400,\"height\":400,\"caption\":\"CyberPerformance\"},\"image\":{\"@id\":\"https:\/\/cyberperformance.ca\/#\/schema\/logo\/image\/\"}}]}<\/script>\n<!-- \/ Yoast SEO plugin. -->","yoast_head_json":{"title":"formulaire2 - CyberPerformance","robots":{"index":"index","follow":"follow","max-snippet":"max-snippet:-1","max-image-preview":"max-image-preview:large","max-video-preview":"max-video-preview:-1"},"canonical":"https:\/\/cyberperformance.ca\/en\/formulaire2\/","og_locale":"en_US","og_type":"article","og_title":"formulaire2 - CyberPerformance","og_description":"Demande de soumission Nom de l\u2019entreprise Pr\u00e9nom Nom T\u00e9l\u00e9phone Portable Adresse compl\u00e8te Service souhait\u00e9 Choisir un serviceOptimisation SEOPublicit\u00e9 en ligneCr\u00e9ation d&#8217;un site webCr\u00e9ation d&#8217;un site web transactionnelOptimisation SEO local (Google Maps)Consultation WebApp sur mesureProduction Vid\u00e9oRefonte de site webProgrammation API \/ ProgrammationProgrammation d\u2019intelligence artificielle (IA)Consultation en intelligence artificielle (IA)Autre Courriel Message Soumettre Re-param\u00e9trer Ce site est [&hellip;]","og_url":"https:\/\/cyberperformance.ca\/en\/formulaire2\/","og_site_name":"CyberPerformance","article_modified_time":"2025-10-20T02:47:14+00:00","og_image":[{"width":1920,"height":300,"url":"https:\/\/cyberperformance.ca\/wp-content\/uploads\/2025\/05\/Logo_noir_CyberPerformance-fond-blanc.jpg","type":"image\/jpeg"}],"twitter_card":"summary_large_image","twitter_misc":{"Est. reading time":"1 minute"},"schema":{"@context":"https:\/\/schema.org","@graph":[{"@type":"WebPage","@id":"https:\/\/cyberperformance.ca\/formulaire2\/","url":"https:\/\/cyberperformance.ca\/formulaire2\/","name":"formulaire2 - CyberPerformance","isPartOf":{"@id":"https:\/\/cyberperformance.ca\/#website"},"datePublished":"2025-10-19T23:19:28+00:00","dateModified":"2025-10-20T02:47:14+00:00","breadcrumb":{"@id":"https:\/\/cyberperformance.ca\/formulaire2\/#breadcrumb"},"inLanguage":"en-CA","potentialAction":[{"@type":"ReadAction","target":["https:\/\/cyberperformance.ca\/formulaire2\/"]}]},{"@type":"BreadcrumbList","@id":"https:\/\/cyberperformance.ca\/formulaire2\/#breadcrumb","itemListElement":[{"@type":"ListItem","position":1,"name":"Accueil","item":"https:\/\/cyberperformance.ca\/"},{"@type":"ListItem","position":2,"name":"formulaire2"}]},{"@type":"WebSite","@id":"https:\/\/cyberperformance.ca\/#website","url":"https:\/\/cyberperformance.ca\/","name":"CyberPerformance","description":"Agence Web num\u00e9rique","publisher":{"@id":"https:\/\/cyberperformance.ca\/#organization"},"potentialAction":[{"@type":"SearchAction","target":{"@type":"EntryPoint","urlTemplate":"https:\/\/cyberperformance.ca\/?s={search_term_string}"},"query-input":{"@type":"PropertyValueSpecification","valueRequired":true,"valueName":"search_term_string"}}],"inLanguage":"en-CA"},{"@type":"Organization","@id":"https:\/\/cyberperformance.ca\/#organization","name":"CyberPerformance","url":"https:\/\/cyberperformance.ca\/","logo":{"@type":"ImageObject","inLanguage":"en-CA","@id":"https:\/\/cyberperformance.ca\/#\/schema\/logo\/image\/","url":"https:\/\/cyberperformance.ca\/wp-content\/uploads\/2022\/04\/cropped-CP.png","contentUrl":"https:\/\/cyberperformance.ca\/wp-content\/uploads\/2022\/04\/cropped-CP.png","width":400,"height":400,"caption":"CyberPerformance"},"image":{"@id":"https:\/\/cyberperformance.ca\/#\/schema\/logo\/image\/"}}]}},"_links":{"self":[{"href":"https:\/\/cyberperformance.ca\/en\/wp-json\/wp\/v2\/pages\/8870","targetHints":{"allow":["GET"]}}],"collection":[{"href":"https:\/\/cyberperformance.ca\/en\/wp-json\/wp\/v2\/pages"}],"about":[{"href":"https:\/\/cyberperformance.ca\/en\/wp-json\/wp\/v2\/types\/page"}],"author":[{"embeddable":true,"href":"https:\/\/cyberperformance.ca\/en\/wp-json\/wp\/v2\/users\/1"}],"replies":[{"embeddable":true,"href":"https:\/\/cyberperformance.ca\/en\/wp-json\/wp\/v2\/comments?post=8870"}],"version-history":[{"count":13,"href":"https:\/\/cyberperformance.ca\/en\/wp-json\/wp\/v2\/pages\/8870\/revisions"}],"predecessor-version":[{"id":8884,"href":"https:\/\/cyberperformance.ca\/en\/wp-json\/wp\/v2\/pages\/8870\/revisions\/8884"}],"wp:attachment":[{"href":"https:\/\/cyberperformance.ca\/en\/wp-json\/wp\/v2\/media?parent=8870"}],"curies":[{"name":"wp","href":"https:\/\/api.w.org\/{rel}","templated":true}]}}